{"id":666,"date":"2014-07-04T14:15:14","date_gmt":"2014-07-04T12:15:14","guid":{"rendered":"?page_id=666"},"modified":"2024-04-16T16:27:45","modified_gmt":"2024-04-16T14:27:45","slug":"schulkonferenz","status":"publish","type":"page","link":"https:\/\/grimmels.de\/wordpress\/schulkonferenz\/","title":{"rendered":"Schulkonferenz"},"content":{"rendered":"<p>Die Schulgemeinde besitzt in der Schulkonferenz ein gemeinsames Beratungs- und Entscheidungsgremium aus Eltern, Lehrern und Sch\u00fclern, das in vielen Fragen die h\u00f6chste innerschulische Entscheidungsinstanz darstellt.<\/p>\n<p>Aufgaben und Rechte der Schulkonferenz sind im <a title=\"Schulkonferenz im HSchG\" href=\"http:\/\/www.rv.hessenrecht.hessen.de\/jportal\/portal\/t\/s4k\/page\/bshesprod.psml\/action\/portlets.jw.MainAction?p1=59&amp;eventSubmit_doNavigate=searchInSubtreeTOC&amp;showdoccase=1&amp;doc.hl=0&amp;doc.id=jlr-SchulGHE2005V10G34a&amp;doc.part=G&amp;toc.poskey=#focuspoint\" target=\"_blank&quot;\" rel=\"noopener noreferrer\">Hessischen Schulgesetz \u00a7128 bis \u00a7135<\/a> beschrieben.<\/p>\n<p>Der Schulkonferenz der Grimmelshausenschule geh\u00f6ren sechs Lehrkr\u00e4fte, drei Elternvertreter, drei Sch\u00fclervertreter und der Schulleiter als Vorsitzender an.<\/p>\n<p>Aktuell sind das:<\/p>\n<table>\n<tbody>\n<tr>\n<td width=\"247\">&nbsp;<\/td>\n<td width=\"247\">&nbsp;<strong>Name <\/strong><\/td>\n<\/tr>\n<tr>\n<td width=\"247\"><strong>Mitglieder der Lehrkr\u00e4fte<\/strong><\/td>\n<td width=\"247\">Grischkat, Nathalie<\/td>\n<\/tr>\n<tr>\n<td width=\"247\">&nbsp;<\/td>\n<td width=\"247\">Guckes, Christian<\/td>\n<\/tr>\n<tr>\n<td width=\"247\">&nbsp;<\/td>\n<td width=\"247\">Koch, Alexander<\/td>\n<\/tr>\n<tr>\n<td width=\"247\">&nbsp;<\/td>\n<td width=\"247\">Meininger, Mario<\/td>\n<\/tr>\n<tr>\n<td width=\"247\">&nbsp;<\/td>\n<td width=\"247\">Stertz, Maren<\/td>\n<\/tr>\n<tr>\n<td width=\"247\">&nbsp;<\/td>\n<td width=\"247\">Walz, Lukas<\/td>\n<\/tr>\n<tr>\n<td width=\"247\">Stellvertretungen<\/td>\n<td width=\"247\">Leo, Ekaterina<\/td>\n<\/tr>\n<tr>\n<td width=\"247\">&nbsp;<\/td>\n<td width=\"247\">Naumann, Kai<\/td>\n<\/tr>\n<tr>\n<td width=\"247\">&nbsp;<\/td>\n<td width=\"247\">Nemetz, Susanne<\/td>\n<\/tr>\n<tr>\n<td width=\"247\">&nbsp;<\/td>\n<td width=\"247\">Rack-Teuteberg, Anna<\/td>\n<\/tr>\n<tr>\n<td width=\"247\">&nbsp;<\/td>\n<td width=\"247\">Schulze, Oliver<\/td>\n<\/tr>\n<tr>\n<td width=\"247\">&nbsp;<\/td>\n<td width=\"247\">W\u00f6ll, Franziska<\/td>\n<\/tr>\n<tr>\n<td width=\"247\"><strong>Mitglieder der Sch\u00fclerschaft<\/strong><\/td>\n<td width=\"247\">R\u00fcmmele, Max<\/td>\n<\/tr>\n<tr>\n<td width=\"247\">&nbsp;<\/td>\n<td width=\"247\">Harms, Mareike<\/td>\n<\/tr>\n<tr>\n<td width=\"247\">&nbsp;<\/td>\n<td width=\"247\">M\u00fcller, Kathleen<\/td>\n<\/tr>\n<tr>\n<td width=\"247\">Stellvertretungen<\/td>\n<td width=\"247\">Koch, Lara Mia<\/td>\n<\/tr>\n<tr>\n<td width=\"247\">&nbsp;<\/td>\n<td width=\"247\">Bresan, Merle<\/td>\n<\/tr>\n<tr>\n<td width=\"247\">&nbsp;<\/td>\n<td width=\"247\">Grottke, Julia<\/td>\n<\/tr>\n<tr>\n<td width=\"247\"><strong>Mitglieder der Elternschaft<\/strong><\/td>\n<td width=\"247\">Isabelle Steiper<\/td>\n<\/tr>\n<tr>\n<td width=\"247\">&nbsp;<\/td>\n<td width=\"247\">Yvonne Utrillas L\u00f3pez<\/td>\n<\/tr>\n<tr>\n<td width=\"247\">&nbsp;<\/td>\n<td width=\"247\">Christian K\u00f6rber<\/td>\n<\/tr>\n<tr>\n<td width=\"247\">Stellvertretungen<\/td>\n<td width=\"247\">Simone Gr\u00fcnewald<\/td>\n<\/tr>\n<tr>\n<td width=\"247\">&nbsp;<\/td>\n<td width=\"247\">Opper, Sandra<\/td>\n<\/tr>\n<tr>\n<td width=\"247\">&nbsp;<\/td>\n<td width=\"247\">Kildau, J\u00f6rg<\/td>\n<\/tr>\n<tr>\n<td width=\"247\"><strong>Leitung<\/strong><\/td>\n<td width=\"247\">Ruf, Tina<\/td>\n<\/tr>\n<tr>\n<td width=\"247\">&nbsp;<\/td>\n<td width=\"247\">Sch\u00f6nfeld, Dagmar<\/td>\n<\/tr>\n<tr>\n<td width=\"247\">&nbsp;<\/td>\n<td width=\"247\">Malz, Peter<\/td>\n<\/tr>\n<\/tbody>\n<\/table>\n<p>&nbsp;<\/p>\n","protected":false},"excerpt":{"rendered":"<p>Die Schulgemeinde besitzt in der Schulkonferenz ein gemeinsames Beratungs- und Entscheidungsgremium aus Eltern, Lehrern und Sch\u00fclern, das in vielen Fragen die h\u00f6chste innerschulische Entscheidungsinstanz darstellt. Aufgaben und Rechte der Schulkonferenz sind im Hessischen Schulgesetz \u00a7128 bis \u00a7135 beschrieben. Der Schulkonferenz der Grimmelshausenschule geh\u00f6ren sechs Lehrkr\u00e4fte, drei Elternvertreter, drei Sch\u00fclervertreter und der Schulleiter als Vorsitzender an. [&hellip;]<\/p>\n","protected":false},"author":3,"featured_media":0,"parent":0,"menu_order":0,"comment_status":"closed","ping_status":"closed","template":"","meta":{"advgb_blocks_editor_width":"","advgb_blocks_columns_visual_guide":"","ngg_post_thumbnail":0,"footnotes":""},"class_list":["post-666","page","type-page","status-publish","hentry"],"coauthors":[],"author_meta":{"author_link":"https:\/\/grimmels.de\/wordpress\/author\/renate-wichert\/","display_name":"Renate Wichert"},"relative_dates":{"created":"Posted 12\u00a0Jahren ago","modified":"Updated 2\u00a0Jahren ago"},"absolute_dates":{"created":"Posted on 4. Juli 2014","modified":"Updated on 16. April 2024"},"absolute_dates_time":{"created":"Posted on 4. Juli 2014 14:15","modified":"Updated on 16. April 2024 16:27"},"featured_img_caption":"","featured_img":false,"series_order":"","_links":{"self":[{"href":"https:\/\/grimmels.de\/wordpress\/wp-json\/wp\/v2\/pages\/666","targetHints":{"allow":["GET"]}}],"collection":[{"href":"https:\/\/grimmels.de\/wordpress\/wp-json\/wp\/v2\/pages"}],"about":[{"href":"https:\/\/grimmels.de\/wordpress\/wp-json\/wp\/v2\/types\/page"}],"author":[{"embeddable":true,"href":"https:\/\/grimmels.de\/wordpress\/wp-json\/wp\/v2\/users\/3"}],"replies":[{"embeddable":true,"href":"https:\/\/grimmels.de\/wordpress\/wp-json\/wp\/v2\/comments?post=666"}],"version-history":[{"count":15,"href":"https:\/\/grimmels.de\/wordpress\/wp-json\/wp\/v2\/pages\/666\/revisions"}],"predecessor-version":[{"id":57620,"href":"https:\/\/grimmels.de\/wordpress\/wp-json\/wp\/v2\/pages\/666\/revisions\/57620"}],"wp:attachment":[{"href":"https:\/\/grimmels.de\/wordpress\/wp-json\/wp\/v2\/media?parent=666"}],"curies":[{"name":"wp","href":"https:\/\/api.w.org\/{rel}","templated":true}]}}