{"id":673,"date":"2014-07-04T14:16:47","date_gmt":"2014-07-04T12:16:47","guid":{"rendered":"?page_id=673"},"modified":"2014-10-02T19:11:14","modified_gmt":"2014-10-02T17:11:14","slug":"fahrten","status":"publish","type":"page","link":"https:\/\/grimmels.de\/wordpress\/fahrten\/","title":{"rendered":"Fahrten"},"content":{"rendered":"<div>\n<p>Schulwanderungen, Wanderfahrten, Schullandheimaufenthalte, Studienfahrten und Fahrten mit sportlichem Schwerpunkt sind Teil der p\u00e4dagogischen Arbeit der Schule. Durch Beschluss der Schulkonferenz wurde folgendes Konzept festgelegt:<\/p>\n<p><strong>Eint\u00e4gige Wanderungen und Unterrichtsg\u00e4nge <\/strong>sind im Rahmen der g\u00fcltigen Rechts- und Verwaltungsvorschriften <strong>in allen Jahrgangsstufen m\u00f6glich<\/strong>.<\/p>\n<p><strong>Mehrt\u00e4gige Fahrten:<\/strong><\/p>\n<p><strong>Jgst. 5 oder 6:<\/strong><br \/> eint\u00e4gige Schulwanderungen (z. B. Umgebung von Gelnhausen, Frankfurt\/Main), mehrt\u00e4giger Schullandheimaufenthalt (z. B. Waldschule bei Birstein).<\/p>\n<p><strong>Jgst. 8:<\/strong><br \/> Fahrten mit sportlichem Schwerpunkt<\/p>\n<p><strong>Jgst. 9:<\/strong><br \/> Betriebspraktikum<\/p>\n<p><strong>Jgst. 9 und E fakultativ:<br \/> <\/strong>Fahrten im Austausch mit Partnerschulen<\/p>\n<p><strong>Jgst. E fakultativ:<br \/> <\/strong>Fahrten mit gesellschaftlichem, politischem, geschichtlichem oder p\u00e4dagogischem Inhalt (z.B. Weimar \u2013 Konzentrationslager, Stra\u00dfburg \u2013 Europ\u00e4isches Parlament, Waldschule zum Kennenlernen) unter Einbindung von zwei Unterrichtstagen.<\/p>\n<p><strong>Jgst. Q2 (oder Q3):<\/strong><br \/> mehrt\u00e4gige Studienfahrt (z. B. M\u00fcnchen, Hamburg, Prag, Rom, Paris, London).<\/p>\n<\/div>\n","protected":false},"excerpt":{"rendered":"<p>Schulwanderungen, Wanderfahrten, Schullandheimaufenthalte, Studienfahrten und Fahrten mit sportlichem Schwerpunkt sind Teil der p\u00e4dagogischen Arbeit der Schule. Durch Beschluss der Schulkonferenz wurde folgendes Konzept festgelegt: Eint\u00e4gige Wanderungen und Unterrichtsg\u00e4nge sind im Rahmen der g\u00fcltigen Rechts- und Verwaltungsvorschriften in allen Jahrgangsstufen m\u00f6glich. Mehrt\u00e4gige Fahrten: Jgst. 5 oder 6: eint\u00e4gige Schulwanderungen (z. B. Umgebung von Gelnhausen, Frankfurt\/Main), mehrt\u00e4giger [&hellip;]<\/p>\n","protected":false},"author":3,"featured_media":0,"parent":0,"menu_order":0,"comment_status":"closed","ping_status":"closed","template":"","meta":{"advgb_blocks_editor_width":"","advgb_blocks_columns_visual_guide":"","ngg_post_thumbnail":0,"footnotes":""},"class_list":["post-673","page","type-page","status-publish","hentry"],"coauthors":[],"author_meta":{"author_link":"https:\/\/grimmels.de\/wordpress\/author\/renate-wichert\/","display_name":"Renate Wichert"},"relative_dates":{"created":"Posted 12\u00a0Jahren ago","modified":"Updated 12\u00a0Jahren ago"},"absolute_dates":{"created":"Posted on 4. Juli 2014","modified":"Updated on 2. Oktober 2014"},"absolute_dates_time":{"created":"Posted on 4. Juli 2014 14:16","modified":"Updated on 2. Oktober 2014 19:11"},"featured_img_caption":"","featured_img":false,"series_order":"","_links":{"self":[{"href":"https:\/\/grimmels.de\/wordpress\/wp-json\/wp\/v2\/pages\/673","targetHints":{"allow":["GET"]}}],"collection":[{"href":"https:\/\/grimmels.de\/wordpress\/wp-json\/wp\/v2\/pages"}],"about":[{"href":"https:\/\/grimmels.de\/wordpress\/wp-json\/wp\/v2\/types\/page"}],"author":[{"embeddable":true,"href":"https:\/\/grimmels.de\/wordpress\/wp-json\/wp\/v2\/users\/3"}],"replies":[{"embeddable":true,"href":"https:\/\/grimmels.de\/wordpress\/wp-json\/wp\/v2\/comments?post=673"}],"version-history":[{"count":0,"href":"https:\/\/grimmels.de\/wordpress\/wp-json\/wp\/v2\/pages\/673\/revisions"}],"wp:attachment":[{"href":"https:\/\/grimmels.de\/wordpress\/wp-json\/wp\/v2\/media?parent=673"}],"curies":[{"name":"wp","href":"https:\/\/api.w.org\/{rel}","templated":true}]}}