{"id":68941,"date":"2026-02-09T14:01:00","date_gmt":"2026-02-09T13:01:00","guid":{"rendered":"https:\/\/grimmels.de\/wordpress\/?page_id=68941"},"modified":"2026-02-19T12:23:34","modified_gmt":"2026-02-19T11:23:34","slug":"elternsprechtag-der-jahrgangsstufen-5-bis-q4","status":"publish","type":"page","link":"https:\/\/grimmels.de\/wordpress\/elternsprechtag-der-jahrgangsstufen-5-bis-q4\/","title":{"rendered":"Elternsprechtag der Jahrgangsstufen 5 bis Q4"},"content":{"rendered":"\t\t<div data-elementor-type=\"wp-page\" data-elementor-id=\"68941\" class=\"elementor elementor-68941\" data-elementor-post-type=\"page\">\n\t\t\t\t<div class=\"elementor-element elementor-element-b21ea2e e-flex e-con-boxed e-con e-parent\" data-id=\"b21ea2e\" data-element_type=\"container\">\n\t\t\t\t\t<div class=\"e-con-inner\">\n\t\t\t\t<div class=\"elementor-element elementor-element-43f41a8 elementor-widget elementor-widget-heading\" data-id=\"43f41a8\" data-element_type=\"widget\" data-widget_type=\"heading.default\">\n\t\t\t\t<div class=\"elementor-widget-container\">\n\t\t\t\t\t<h2 class=\"elementor-heading-title elementor-size-default\">Elternsprechtag der Jahrgangsstufen 5 bis Q4<\/h2>\t\t\t\t<\/div>\n\t\t\t\t<\/div>\n\t\t\t\t\t<\/div>\n\t\t\t\t<\/div>\n\t\t<div class=\"elementor-element elementor-element-d182ab2 e-flex e-con-boxed e-con e-parent\" data-id=\"d182ab2\" data-element_type=\"container\">\n\t\t\t\t\t<div class=\"e-con-inner\">\n\t\t\t\t<div class=\"elementor-element elementor-element-368e7d3 elementor-widget elementor-widget-text-editor\" data-id=\"368e7d3\" data-element_type=\"widget\" data-widget_type=\"text-editor.default\">\n\t\t\t\t<div class=\"elementor-widget-container\">\n\t\t\t\t\t\t\t\t\t<p class=\"p1\">Sehr geehrte Eltern,<\/p><p class=\"p1\">ganz herzlich m\u00f6chten wir Sie zu unserem Elternsprechtag, an dem Ihnen die Gelegenheit geboten wird, bei Bedarf mit den Ihr Kind unterrichtenden Lehrkr\u00e4ften zu sprechen, einladen.<\/p><p class=\"p1\">Dieser findet am <b>Freitag, dem 20.02.2026, in der Zeit von 14.00 Uhr bis 18.30<\/b> Uhr statt.<\/p><p class=\"p1\">Falls eine Lehrkraft am Freitag, dem 20.02.2026, aus dienstlichen Gr\u00fcnden oder aufgrund von Krankheit nicht anwesend sein kann, bitten wir Sie individuelle Termine zu vereinbaren. Einen Raumplan sowie eine aktualisierte Liste nicht anwesender Lehrkr\u00e4fte finden Sie auf Aush\u00e4ngen an den Eingangst\u00fcren der Schulgeb\u00e4ude.<\/p><p class=\"p1\">Die Termine werden auch in diesem Schuljahr \u00fcber das Programm \u201ePrOWaLuS+\u201c gebucht. Die Fachlehrkr\u00e4fte vereinbaren bis Sonntag, den 15.02.2026, Gespr\u00e4chstermine mit Eltern, mit denen sie gerne am Elternsprechtag ein Gespr\u00e4ch f\u00fchren m\u00f6chten. Nach der Absprache buchen die Fachlehrkr\u00e4fte den Termin in Ihrem Terminplan ein.<\/p><p class=\"p1\">Vom Montag, den 16.02.2026, bis Mittwoch, den 18.02.2026, haben anschlie\u00dfend alle Eltern die M\u00f6glichkeit, \u00fcber den PrOWaLuS+ &#8211; Account Ihres Kindes bei allen Fachlehrkr\u00e4ften einen Termin zu buchen.<\/p><p class=\"p1\">Bei Fragen zum Einwahlsystem nehmen Sie bitte mit Herrn G\u00fcnther GuentherN@grimmels.de Kontakt auf. Im Interesse eines reibungslosen Ablaufs bitten wir Sie freundlichst, die vorgesehene Sprechzeit von 10 Minuten einzuhalten. Wir bitten Sie aufgrund der hohen Terminanfrage nur bei dringendem, p\u00e4dagogischen Gespr\u00e4chsbedarfs, einen Termin mit der unterrichtenden Lehrkraft zu vereinbaren.<\/p><p class=\"p1\">Wir w\u00fcnschen f\u00fcr Ihre Gespr\u00e4che einen guten Verlauf.<\/p><p class=\"p1\">Freundliche Gr\u00fc\u00dfe<\/p><p class=\"p1\">gez. T. Ruf<\/p><p class=\"p1\">Oberstudiendirektorin<\/p><p class=\"p1\">-Schulleiterin-<\/p>\t\t\t\t\t\t\t\t<\/div>\n\t\t\t\t<\/div>\n\t\t<div class=\"elementor-element elementor-element-a0b4882 e-con-full e-flex e-con e-child\" data-id=\"a0b4882\" data-element_type=\"container\" data-settings=\"{&quot;background_background&quot;:&quot;classic&quot;}\">\n\t\t\t\t<div class=\"elementor-element elementor-element-d1deb1b elementor-view-default elementor-widget elementor-widget-icon\" data-id=\"d1deb1b\" data-element_type=\"widget\" data-widget_type=\"icon.default\">\n\t\t\t\t<div class=\"elementor-widget-container\">\n\t\t\t\t\t\t\t<div class=\"elementor-icon-wrapper\">\n\t\t\t<div class=\"elementor-icon\">\n\t\t\t<svg aria-hidden=\"true\" class=\"e-font-icon-svg e-fas-coffee\" viewBox=\"0 0 640 512\" xmlns=\"http:\/\/www.w3.org\/2000\/svg\"><path d=\"M192 384h192c53 0 96-43 96-96h32c70.6 0 128-57.4 128-128S582.6 32 512 32H120c-13.3 0-24 10.7-24 24v232c0 53 43 96 96 96zM512 96c35.3 0 64 28.7 64 64s-28.7 64-64 64h-32V96h32zm47.7 384H48.3c-47.6 0-61-64-36-64h583.3c25 0 11.8 64-35.9 64z\"><\/path><\/svg>\t\t\t<\/div>\n\t\t<\/div>\n\t\t\t\t\t\t<\/div>\n\t\t\t\t<\/div>\n\t\t\t\t<div class=\"elementor-element elementor-element-3d26294 elementor-widget elementor-widget-text-editor\" data-id=\"3d26294\" data-element_type=\"widget\" data-widget_type=\"text-editor.default\">\n\t\t\t\t<div class=\"elementor-widget-container\">\n\t\t\t\t\t\t\t\t\t<p>F\u00fcr Ihr leibliches Wohl sorgt unser Caf\u00e9haus e.V.. Es werden ab 14 Uhr im Geb\u00e4ude B direkt neben dem Haupteingang s\u00fc\u00dfe und herzhafte Snacks sowie Kaffee und Kaltgetr\u00e4nke verkauft.<\/p>\t\t\t\t\t\t\t\t<\/div>\n\t\t\t\t<\/div>\n\t\t\t\t<\/div>\n\t\t\t\t\t<\/div>\n\t\t\t\t<\/div>\n\t\t\t\t<\/div>\n\t\t","protected":false},"excerpt":{"rendered":"<p>Elternsprechtag der Jahrgangsstufen 5 bis Q4 Sehr geehrte Eltern, ganz herzlich m\u00f6chten wir Sie zu unserem Elternsprechtag, an dem Ihnen die Gelegenheit geboten wird, bei Bedarf mit den Ihr Kind unterrichtenden Lehrkr\u00e4ften zu sprechen, einladen. Dieser findet am Freitag, dem 20.02.2026, in der Zeit von 14.00 Uhr bis 18.30 Uhr statt. Falls eine Lehrkraft am [&hellip;]<\/p>\n","protected":false},"author":1,"featured_media":0,"parent":0,"menu_order":0,"comment_status":"closed","ping_status":"closed","template":"","meta":{"advgb_blocks_editor_width":"","advgb_blocks_columns_visual_guide":"","ngg_post_thumbnail":0,"footnotes":""},"class_list":["post-68941","page","type-page","status-publish","hentry"],"coauthors":[],"author_meta":{"author_link":"https:\/\/grimmels.de\/wordpress\/author\/webmaster\/","display_name":"webmaster"},"relative_dates":{"created":"Posted 2\u00a0Monaten ago","modified":"Updated 1\u00a0Monat ago"},"absolute_dates":{"created":"Posted on 9. Februar 2026","modified":"Updated on 19. Februar 2026"},"absolute_dates_time":{"created":"Posted on 9. Februar 2026 14:01","modified":"Updated on 19. Februar 2026 12:23"},"featured_img_caption":"","featured_img":false,"series_order":"","_links":{"self":[{"href":"https:\/\/grimmels.de\/wordpress\/wp-json\/wp\/v2\/pages\/68941","targetHints":{"allow":["GET"]}}],"collection":[{"href":"https:\/\/grimmels.de\/wordpress\/wp-json\/wp\/v2\/pages"}],"about":[{"href":"https:\/\/grimmels.de\/wordpress\/wp-json\/wp\/v2\/types\/page"}],"author":[{"embeddable":true,"href":"https:\/\/grimmels.de\/wordpress\/wp-json\/wp\/v2\/users\/1"}],"replies":[{"embeddable":true,"href":"https:\/\/grimmels.de\/wordpress\/wp-json\/wp\/v2\/comments?post=68941"}],"version-history":[{"count":16,"href":"https:\/\/grimmels.de\/wordpress\/wp-json\/wp\/v2\/pages\/68941\/revisions"}],"predecessor-version":[{"id":69306,"href":"https:\/\/grimmels.de\/wordpress\/wp-json\/wp\/v2\/pages\/68941\/revisions\/69306"}],"wp:attachment":[{"href":"https:\/\/grimmels.de\/wordpress\/wp-json\/wp\/v2\/media?parent=68941"}],"curies":[{"name":"wp","href":"https:\/\/api.w.org\/{rel}","templated":true}]}}