{"id":694,"date":"2014-07-04T14:30:56","date_gmt":"2014-07-04T12:30:56","guid":{"rendered":"?page_id=694"},"modified":"2025-01-27T12:19:36","modified_gmt":"2025-01-27T11:19:36","slug":"cafehaus","status":"publish","type":"page","link":"https:\/\/grimmels.de\/wordpress\/cafehaus\/","title":{"rendered":"Caf\u00e9haus"},"content":{"rendered":"\t\t<div data-elementor-type=\"wp-page\" data-elementor-id=\"694\" class=\"elementor elementor-694\" data-elementor-post-type=\"page\">\n\t\t\t\t<div class=\"elementor-element elementor-element-126a7786 e-flex e-con-boxed elementor-invisible e-con e-parent\" data-id=\"126a7786\" data-element_type=\"container\" data-settings=\"{&quot;background_background&quot;:&quot;classic&quot;,&quot;animation&quot;:&quot;fadeInDown&quot;}\">\n\t\t\t\t\t<div class=\"e-con-inner\">\n\t\t\t\t<div class=\"elementor-element elementor-element-2aed039e elementor-widget elementor-widget-heading\" data-id=\"2aed039e\" data-element_type=\"widget\" data-widget_type=\"heading.default\">\n\t\t\t\t<div class=\"elementor-widget-container\">\n\t\t\t\t\t<h2 class=\"elementor-heading-title elementor-size-default\">CAF\u00c9HAUS<\/h2>\t\t\t\t<\/div>\n\t\t\t\t<\/div>\n\t\t\t\t\t<\/div>\n\t\t\t\t<\/div>\n\t\t<div class=\"elementor-element elementor-element-8792816 e-flex e-con-boxed e-con e-parent\" data-id=\"8792816\" data-element_type=\"container\">\n\t\t\t\t\t<div class=\"e-con-inner\">\n\t\t<div class=\"elementor-element elementor-element-35465af e-con-full e-flex e-con e-child\" data-id=\"35465af\" data-element_type=\"container\">\n\t\t\t\t<div class=\"elementor-element elementor-element-cc65e0a elementor-widget elementor-widget-heading\" data-id=\"cc65e0a\" data-element_type=\"widget\" data-widget_type=\"heading.default\">\n\t\t\t\t<div class=\"elementor-widget-container\">\n\t\t\t\t\t<h2 class=\"elementor-heading-title elementor-size-default\">INFORMATIONEN<\/h2>\t\t\t\t<\/div>\n\t\t\t\t<\/div>\n\t\t\t\t<div class=\"elementor-element elementor-element-56585d0 elementor-widget elementor-widget-text-editor\" data-id=\"56585d0\" data-element_type=\"widget\" data-widget_type=\"text-editor.default\">\n\t\t\t\t<div class=\"elementor-widget-container\">\n\t\t\t\t\t\t\t\t\t<p>Das Caf\u00e9haus am Grimmelshausen Gymnasium hat sich seit seinem Start im Jahr 2009 (damals noch im Kulturkeller im Geb\u00e4ude B) eine gute und ausgewogene Versorgung unserer Schulgemeinde zur Aufgabe gemacht. Gleichzeitig bietet das Caf\u00e9haus einen Raum, in dem Aufenthalt, Begegnung und Austausch in gem\u00fctlicher Atmosph\u00e4re mit professionellem Serviceanspruch m\u00f6glich ist.<\/p>\n<p>Darunter verstehen wir ein vielf\u00e4ltiges, schmackhaftes Angebot und setzen auf gute Qualit\u00e4t zu erschwinglichen Preisen. Wir verarbeiten hochwertige Produkte zu leckeren Speisen und Getr\u00e4nken, die in unserer Schulgemeinde gro\u00dfen Anklang finden. Gleichzeitig arbeiten hier Sch\u00fcler*innen, Eltern und Lehrkr\u00e4fte Hand in Hand und erm\u00f6glichen so ein entspanntes soziales Miteinander in geselliger Atmosph\u00e4re.<\/p>\n<p>Unser Konzept tr\u00e4gt sich vorwiegend durch den Einsatz von zahlreichem ehrenamtlichen Helfer*innen, Sch\u00fcler*innen und Lehrkr\u00e4ften und hat mittlerweile am Grimmels eine langj\u00e4hrige Tradition. Dadurch erh\u00e4lt das Caf\u00e9haus bei allen Mitgliedern der Schulgemeinde einen hohen Stellenwert.<\/p>\n<p>Unser Speisen- und Getr\u00e4nkeangebot erf\u00fcllt in vollem Umfang und dar\u00fcber hinaus die Richtlinien f\u00fcr Schulessen der deutschen Gesellschaft f\u00fcr Ern\u00e4hrung und hat somit den gesundheitlichen Anspruch, den wir uns f\u00fcr das Wohlbefinden und die Gesundheit unsere Schulgemeinde w\u00fcnschen.<\/p>\t\t\t\t\t\t\t\t<\/div>\n\t\t\t\t<\/div>\n\t\t\t\t<\/div>\n\t\t<div class=\"elementor-element elementor-element-9984287 e-con-full e-flex e-con e-child\" data-id=\"9984287\" data-element_type=\"container\">\n\t\t\t\t<div class=\"elementor-element elementor-element-48dd364 elementor-widget elementor-widget-image\" data-id=\"48dd364\" data-element_type=\"widget\" data-widget_type=\"image.default\">\n\t\t\t\t<div class=\"elementor-widget-container\">\n\t\t\t\t\t\t\t\t\t\t\t\t\t\t\t<img fetchpriority=\"high\" decoding=\"async\" width=\"800\" height=\"383\" src=\"https:\/\/grimmels.de\/wordpress\/wp-content\/uploads\/2024\/09\/cropped-DSC05545-scaled-1-1024x490.jpeg\" class=\"attachment-large size-large wp-image-58863\" alt=\"\" srcset=\"https:\/\/grimmels.de\/wordpress\/wp-content\/uploads\/2024\/09\/cropped-DSC05545-scaled-1-1024x490.jpeg 1024w, https:\/\/grimmels.de\/wordpress\/wp-content\/uploads\/2024\/09\/cropped-DSC05545-scaled-1-300x144.jpeg 300w, https:\/\/grimmels.de\/wordpress\/wp-content\/uploads\/2024\/09\/cropped-DSC05545-scaled-1-150x72.jpeg 150w, https:\/\/grimmels.de\/wordpress\/wp-content\/uploads\/2024\/09\/cropped-DSC05545-scaled-1-768x368.jpeg 768w, https:\/\/grimmels.de\/wordpress\/wp-content\/uploads\/2024\/09\/cropped-DSC05545-scaled-1-1536x736.jpeg 1536w, https:\/\/grimmels.de\/wordpress\/wp-content\/uploads\/2024\/09\/cropped-DSC05545-scaled-1-2048x981.jpeg 2048w\" sizes=\"(max-width: 800px) 100vw, 800px\" \/>\t\t\t\t\t\t\t\t\t\t\t\t\t\t\t<\/div>\n\t\t\t\t<\/div>\n\t\t\t\t<div class=\"elementor-element elementor-element-ad8a4f8 elementor-widget elementor-widget-image\" data-id=\"ad8a4f8\" data-element_type=\"widget\" data-widget_type=\"image.default\">\n\t\t\t\t<div class=\"elementor-widget-container\">\n\t\t\t\t\t\t\t\t\t\t\t\t\t\t\t<img decoding=\"async\" width=\"800\" height=\"534\" src=\"https:\/\/grimmels.de\/wordpress\/wp-content\/uploads\/2024\/09\/DSC05552-1024x683.jpeg\" class=\"attachment-large size-large wp-image-58658\" alt=\"\" srcset=\"https:\/\/grimmels.de\/wordpress\/wp-content\/uploads\/2024\/09\/DSC05552-1024x683.jpeg 1024w, https:\/\/grimmels.de\/wordpress\/wp-content\/uploads\/2024\/09\/DSC05552-300x200.jpeg 300w, https:\/\/grimmels.de\/wordpress\/wp-content\/uploads\/2024\/09\/DSC05552-150x100.jpeg 150w, https:\/\/grimmels.de\/wordpress\/wp-content\/uploads\/2024\/09\/DSC05552-768x512.jpeg 768w, https:\/\/grimmels.de\/wordpress\/wp-content\/uploads\/2024\/09\/DSC05552-1536x1024.jpeg 1536w, https:\/\/grimmels.de\/wordpress\/wp-content\/uploads\/2024\/09\/DSC05552-2048x1365.jpeg 2048w\" sizes=\"(max-width: 800px) 100vw, 800px\" \/>\t\t\t\t\t\t\t\t\t\t\t\t\t\t\t<\/div>\n\t\t\t\t<\/div>\n\t\t\t\t<\/div>\n\t\t\t\t\t<\/div>\n\t\t\t\t<\/div>\n\t\t<div class=\"elementor-element elementor-element-35af6e7 e-flex e-con-boxed e-con e-parent\" data-id=\"35af6e7\" data-element_type=\"container\" data-settings=\"{&quot;background_background&quot;:&quot;classic&quot;}\">\n\t\t\t\t\t<div class=\"e-con-inner\">\n\t\t\t\t<div class=\"elementor-element elementor-element-182a621 elementor-widget elementor-widget-heading\" data-id=\"182a621\" data-element_type=\"widget\" data-widget_type=\"heading.default\">\n\t\t\t\t<div class=\"elementor-widget-container\">\n\t\t\t\t\t<h2 class=\"elementor-heading-title elementor-size-default\">QUICK LINKS<\/h2>\t\t\t\t<\/div>\n\t\t\t\t<\/div>\n\t\t\t\t\t<\/div>\n\t\t\t\t<\/div>\n\t\t<div class=\"elementor-element elementor-element-075c79d e-flex e-con-boxed e-con e-parent\" data-id=\"075c79d\" data-element_type=\"container\" data-settings=\"{&quot;background_background&quot;:&quot;classic&quot;}\">\n\t\t\t\t\t<div class=\"e-con-inner\">\n\t\t\t\t<div class=\"elementor-element elementor-element-4ecad6a elementor-widget__width-initial elementor-widget elementor-widget-image\" data-id=\"4ecad6a\" data-element_type=\"widget\" data-widget_type=\"image.default\">\n\t\t\t\t<div class=\"elementor-widget-container\">\n\t\t\t\t\t\t\t\t\t\t\t\t\t\t\t\t<a href=\"https:\/\/grimmels.de\/wordpress\/snackplan-cafehaus\/\">\n\t\t\t\t\t\t\t<img decoding=\"async\" width=\"800\" height=\"334\" src=\"https:\/\/grimmels.de\/wordpress\/wp-content\/uploads\/2024\/10\/snackplan_dunkel-1024x427.png\" class=\"attachment-large size-large wp-image-60257\" alt=\"\" srcset=\"https:\/\/grimmels.de\/wordpress\/wp-content\/uploads\/2024\/10\/snackplan_dunkel-1024x427.png 1024w, https:\/\/grimmels.de\/wordpress\/wp-content\/uploads\/2024\/10\/snackplan_dunkel-300x125.png 300w, https:\/\/grimmels.de\/wordpress\/wp-content\/uploads\/2024\/10\/snackplan_dunkel-150x63.png 150w, https:\/\/grimmels.de\/wordpress\/wp-content\/uploads\/2024\/10\/snackplan_dunkel-768x320.png 768w, https:\/\/grimmels.de\/wordpress\/wp-content\/uploads\/2024\/10\/snackplan_dunkel-1536x640.png 1536w, https:\/\/grimmels.de\/wordpress\/wp-content\/uploads\/2024\/10\/snackplan_dunkel.png 1627w\" sizes=\"(max-width: 800px) 100vw, 800px\" \/>\t\t\t\t\t\t\t\t<\/a>\n\t\t\t\t\t\t\t\t\t\t\t\t\t\t\t<\/div>\n\t\t\t\t<\/div>\n\t\t\t\t<div class=\"elementor-element elementor-element-1731e26 elementor-widget__width-initial elementor-widget elementor-widget-image\" data-id=\"1731e26\" data-element_type=\"widget\" data-widget_type=\"image.default\">\n\t\t\t\t<div class=\"elementor-widget-container\">\n\t\t\t\t\t\t\t\t\t\t\t\t\t\t\t\t<a href=\"https:\/\/grimmels.de\/wordpress\/cafehaus\/cafehaus-speisekarte\/\">\n\t\t\t\t\t\t\t<img loading=\"lazy\" decoding=\"async\" width=\"800\" height=\"334\" src=\"https:\/\/grimmels.de\/wordpress\/wp-content\/uploads\/2024\/10\/Getraenke-und-Fruehstueck_dunkel-1024x427.png\" class=\"attachment-large size-large wp-image-60322\" alt=\"\" srcset=\"https:\/\/grimmels.de\/wordpress\/wp-content\/uploads\/2024\/10\/Getraenke-und-Fruehstueck_dunkel-1024x427.png 1024w, https:\/\/grimmels.de\/wordpress\/wp-content\/uploads\/2024\/10\/Getraenke-und-Fruehstueck_dunkel-300x125.png 300w, https:\/\/grimmels.de\/wordpress\/wp-content\/uploads\/2024\/10\/Getraenke-und-Fruehstueck_dunkel-150x63.png 150w, https:\/\/grimmels.de\/wordpress\/wp-content\/uploads\/2024\/10\/Getraenke-und-Fruehstueck_dunkel-768x320.png 768w, https:\/\/grimmels.de\/wordpress\/wp-content\/uploads\/2024\/10\/Getraenke-und-Fruehstueck_dunkel-1536x640.png 1536w, https:\/\/grimmels.de\/wordpress\/wp-content\/uploads\/2024\/10\/Getraenke-und-Fruehstueck_dunkel.png 1627w\" sizes=\"(max-width: 800px) 100vw, 800px\" \/>\t\t\t\t\t\t\t\t<\/a>\n\t\t\t\t\t\t\t\t\t\t\t\t\t\t\t<\/div>\n\t\t\t\t<\/div>\n\t\t\t\t<div class=\"elementor-element elementor-element-ed7a944 elementor-widget__width-initial elementor-widget elementor-widget-image\" data-id=\"ed7a944\" data-element_type=\"widget\" data-widget_type=\"image.default\">\n\t\t\t\t<div class=\"elementor-widget-container\">\n\t\t\t\t\t\t\t\t\t\t\t\t\t\t\t\t<a href=\"https:\/\/grimmels.de\/wordpress\/cafehaus\/cafehaus-lieferanten\/\">\n\t\t\t\t\t\t\t<img loading=\"lazy\" decoding=\"async\" width=\"800\" height=\"334\" src=\"https:\/\/grimmels.de\/wordpress\/wp-content\/uploads\/2024\/10\/lieferanten_dunkel-1024x427.png\" class=\"attachment-large size-large wp-image-60255\" alt=\"\" srcset=\"https:\/\/grimmels.de\/wordpress\/wp-content\/uploads\/2024\/10\/lieferanten_dunkel-1024x427.png 1024w, https:\/\/grimmels.de\/wordpress\/wp-content\/uploads\/2024\/10\/lieferanten_dunkel-300x125.png 300w, https:\/\/grimmels.de\/wordpress\/wp-content\/uploads\/2024\/10\/lieferanten_dunkel-150x63.png 150w, https:\/\/grimmels.de\/wordpress\/wp-content\/uploads\/2024\/10\/lieferanten_dunkel-768x320.png 768w, https:\/\/grimmels.de\/wordpress\/wp-content\/uploads\/2024\/10\/lieferanten_dunkel-1536x640.png 1536w, https:\/\/grimmels.de\/wordpress\/wp-content\/uploads\/2024\/10\/lieferanten_dunkel.png 1627w\" sizes=\"(max-width: 800px) 100vw, 800px\" \/>\t\t\t\t\t\t\t\t<\/a>\n\t\t\t\t\t\t\t\t\t\t\t\t\t\t\t<\/div>\n\t\t\t\t<\/div>\n\t\t\t\t\t<\/div>\n\t\t\t\t<\/div>\n\t\t<div class=\"elementor-element elementor-element-b405bb6 e-flex e-con-boxed e-con e-parent\" data-id=\"b405bb6\" data-element_type=\"container\">\n\t\t\t\t\t<div class=\"e-con-inner\">\n\t\t\t\t<div class=\"elementor-element elementor-element-81acc68 elementor-widget elementor-widget-heading\" data-id=\"81acc68\" data-element_type=\"widget\" data-widget_type=\"heading.default\">\n\t\t\t\t<div class=\"elementor-widget-container\">\n\t\t\t\t\t<h2 class=\"elementor-heading-title elementor-size-default\">VERANTWORTLICHE<\/h2>\t\t\t\t<\/div>\n\t\t\t\t<\/div>\n\t\t\t\t<div class=\"elementor-element elementor-element-6e9cf2e elementor-widget elementor-widget-text-editor\" data-id=\"6e9cf2e\" data-element_type=\"widget\" data-widget_type=\"text-editor.default\">\n\t\t\t\t<div class=\"elementor-widget-container\">\n\t\t\t\t\t\t\t\t\t<table class=\"has-fixed-layout\">\n<tbody>\n<tr>\n<td><b>Ahed Alhanoun<\/b><\/td>\n<td>Caf\u00e9hausleitung<\/td>\n<\/tr>\n<tr>\n<td><strong>Laura Hofmann und Max Rieth<\/strong><\/td>\n<td>Organisation Caf\u00e9haustheke<\/td>\n<\/tr>\n<tr>\n<td><strong>Simone Gerlach<\/strong><\/td>\n<td>Ansprechperson f\u00fcr den Bereich Schulverpflegung, Unvertr\u00e4glichkeiten und Allergien<\/td>\n<\/tr>\n<\/tbody>\n<\/table>\t\t\t\t\t\t\t\t<\/div>\n\t\t\t\t<\/div>\n\t\t\t\t\t<\/div>\n\t\t\t\t<\/div>\n\t\t<div class=\"elementor-element elementor-element-765b2b8 e-flex e-con-boxed e-con e-parent\" data-id=\"765b2b8\" data-element_type=\"container\">\n\t\t\t\t\t<div class=\"e-con-inner\">\n\t\t\t\t<div class=\"elementor-element elementor-element-abcea97 elementor-widget elementor-widget-heading\" data-id=\"abcea97\" data-element_type=\"widget\" data-widget_type=\"heading.default\">\n\t\t\t\t<div class=\"elementor-widget-container\">\n\t\t\t\t\t<h2 class=\"elementor-heading-title elementor-size-default\">WEITERE INFORMATIONEN<\/h2>\t\t\t\t<\/div>\n\t\t\t\t<\/div>\n\t\t\t\t<div class=\"elementor-element elementor-element-757f763 elementor-widget elementor-widget-text-editor\" data-id=\"757f763\" data-element_type=\"widget\" data-widget_type=\"text-editor.default\">\n\t\t\t\t<div class=\"elementor-widget-container\">\n\t\t\t\t\t\t\t\t\t<p>Mit folgender kleinen <em><strong><a href=\"https:\/\/grimmels.de\/wordpress\/wp-content\/uploads\/2020\/12\/Cafehaus-Vorstellung.pptx\">Pr\u00e4sentation<\/a><\/strong><\/em> k\u00f6nnen Sie sich \u00fcber das Projekt Caf\u00e9haus informieren.<\/p>\n<p><!-- \/wp:paragraph --><!-- wp:paragraph --><\/p>\n<p>\u00a0<\/p>\n<p><!-- \/wp:paragraph --><!-- wp:table {\"hasFixedLayout\":false} --><\/p>\n<figure class=\"wp-block-table\">\n<table>\n<tbody>\n<tr>\n<td><img loading=\"lazy\" decoding=\"async\" src=\"https:\/\/grimmels.de\/wordpress\/wp-content\/uploads\/2014\/07\/moehre-150x86.gif\" alt=\"\" width=\"150\" height=\"86\" \/><\/td>\n<td><em><strong>Kostprobe gef\u00e4llig?<\/strong><\/em> \u00a0 Probieren Sie doch einfach \u2018mal eines unserer Rezepte:<\/td>\n<\/tr>\n<tr>\n<td>\u00a0<\/td>\n<td><a href=\"https:\/\/grimmels.de\/wordpress\/mediterraner-couscoussalat\/\"><em><strong>Mediterraner Couscoussalat<\/strong><\/em><\/a><\/td>\n<\/tr>\n<tr>\n<td>\u00a0<\/td>\n<td><a href=\"https:\/\/grimmels.de\/wordpress\/cafehaus\/das-wrap-geheimnis\/\"><em><strong>Das Wrap-Geheimnis<\/strong><\/em><\/a><\/td>\n<\/tr>\n<tr>\n<td>\u00a0<\/td>\n<td><a href=\"https:\/\/grimmels.de\/wordpress\/cafehaus\/kiba-quark\/\"><em><strong>Kiba-Quark<\/strong><\/em><\/a><\/td>\n<\/tr>\n<\/tbody>\n<\/table>\n<\/figure>\n<p><!-- \/wp:table --><!-- wp:paragraph --><\/p>\n<p>Unterst\u00fctzt wird dieses einzigartige Projekt durch den Verein \u201eGGG-Caf\u00e9haus e.V.\u201c.<\/p>\n<p><!-- \/wp:paragraph --><!-- wp:paragraph --><\/p>\n<p>Unterst\u00fctzen auch Sie\u00a0das Caf\u00e9haus des GGGs\u00a0durch eine <strong>Mitgliedschaft im \u201eGGG-Caf\u00e9haus e.V.\u201c<\/strong>\u00a0Damit leisten Sie einen kleinen Beitrag, dieses tolle Schulprojekt, das das soziale Miteinander am GGG so intensiv f\u00f6rdert, am Leben zu erhalten.<\/p>\n<p><!-- \/wp:paragraph --><!-- wp:paragraph --><\/p>\n<p>Das Caf\u00e9haus freut sich \u00fcber jedes neue Vereinsmitglied! Einen <a href=\"https:\/\/grimmels.de\/wordpress\/wp-content\/uploads\/static\/Aufnahmeantrag_SEPA.pdf\" target=\"_blank\" rel=\"noreferrer noopener\">Mitgliedsantrag<\/a> mit SEPA-Lastschriftmandat haben wir f\u00fcr Sie vorbereitet.<\/p>\n<p><!-- \/wp:paragraph --><!-- wp:paragraph --><\/p>\n<p>Bitte \u00fcbermitteln Sie die ausgef\u00fcllten Formulare (postal an die Schule oder pers\u00f6nlich) an eine der beiden betreuenden Lehrkr\u00e4fte Susanne Nemetz oder Laura Bewersdorf.<\/p>\n<p><!-- \/wp:paragraph --><!-- wp:paragraph --><\/p>\n<p>Falls Ihnen eine einmalige Spende an den \u201eGGG-Caf\u00e9haus e.V.\u201c lieber ist, freuen wir uns nat\u00fcrlich auch \u00fcber solche Zuwendungen. Da wir kein gemeinn\u00fctziger Verein sind, m\u00fcssen Sie leider\u00a0auf eine steuerlich verwertbare Spendenquittung verzichten.<\/p>\n<p><!-- \/wp:paragraph --><!-- wp:paragraph --><\/p>\n<p><strong>Spende an den \u201eCaf\u00e9haus e.V.\u201c: \u00a0 \u00a0 \u00a0 \u00a0<\/strong><\/p>\n<p><!-- \/wp:paragraph --><!-- wp:paragraph --><\/p>\n<p><strong>IBAN:\u00a0DE08 5075 0094 0027 0045 84<\/strong><\/p>\n<p><!-- \/wp:paragraph --><!-- wp:paragraph --><\/p>\n<p>Vielen Dank f\u00fcr Ihre Unterst\u00fctzung sagt das gesamte Caf\u00e9haus Team!<\/p>\t\t\t\t\t\t\t\t<\/div>\n\t\t\t\t<\/div>\n\t\t\t\t\t<\/div>\n\t\t\t\t<\/div>\n\t\t\t\t<\/div>\n\t\t","protected":false},"excerpt":{"rendered":"<p>CAF\u00c9HAUS INFORMATIONEN Das Caf\u00e9haus am Grimmelshausen Gymnasium hat sich seit seinem Start im Jahr 2009 (damals noch im Kulturkeller im Geb\u00e4ude B) eine gute und ausgewogene Versorgung unserer Schulgemeinde zur Aufgabe gemacht. Gleichzeitig bietet das Caf\u00e9haus einen Raum, in dem Aufenthalt, Begegnung und Austausch in gem\u00fctlicher Atmosph\u00e4re mit professionellem Serviceanspruch m\u00f6glich ist. Darunter verstehen wir [&hellip;]<\/p>\n","protected":false},"author":5,"featured_media":0,"parent":0,"menu_order":0,"comment_status":"closed","ping_status":"closed","template":"","meta":{"advgb_blocks_editor_width":"","advgb_blocks_columns_visual_guide":"","ngg_post_thumbnail":0,"footnotes":""},"class_list":["post-694","page","type-page","status-publish","hentry"],"coauthors":[],"author_meta":{"author_link":"https:\/\/grimmels.de\/wordpress\/author\/cafehaus\/","display_name":"Ingrid Stroem"},"relative_dates":{"created":"Posted 12\u00a0Jahren ago","modified":"Updated 1\u00a0Jahr ago"},"absolute_dates":{"created":"Posted on 4. Juli 2014","modified":"Updated on 27. Januar 2025"},"absolute_dates_time":{"created":"Posted on 4. Juli 2014 14:30","modified":"Updated on 27. Januar 2025 12:19"},"featured_img_caption":"","featured_img":false,"series_order":"","_links":{"self":[{"href":"https:\/\/grimmels.de\/wordpress\/wp-json\/wp\/v2\/pages\/694","targetHints":{"allow":["GET"]}}],"collection":[{"href":"https:\/\/grimmels.de\/wordpress\/wp-json\/wp\/v2\/pages"}],"about":[{"href":"https:\/\/grimmels.de\/wordpress\/wp-json\/wp\/v2\/types\/page"}],"author":[{"embeddable":true,"href":"https:\/\/grimmels.de\/wordpress\/wp-json\/wp\/v2\/users\/5"}],"replies":[{"embeddable":true,"href":"https:\/\/grimmels.de\/wordpress\/wp-json\/wp\/v2\/comments?post=694"}],"version-history":[{"count":93,"href":"https:\/\/grimmels.de\/wordpress\/wp-json\/wp\/v2\/pages\/694\/revisions"}],"predecessor-version":[{"id":62205,"href":"https:\/\/grimmels.de\/wordpress\/wp-json\/wp\/v2\/pages\/694\/revisions\/62205"}],"wp:attachment":[{"href":"https:\/\/grimmels.de\/wordpress\/wp-json\/wp\/v2\/media?parent=694"}],"curies":[{"name":"wp","href":"https:\/\/api.w.org\/{rel}","templated":true}]}}