{"id":708,"date":"2014-07-04T14:45:02","date_gmt":"2014-07-04T12:45:02","guid":{"rendered":"?page_id=708"},"modified":"2024-10-27T08:14:31","modified_gmt":"2024-10-27T07:14:31","slug":"impressum-2","status":"publish","type":"page","link":"https:\/\/grimmels.de\/wordpress\/impressum-2\/","title":{"rendered":"Impressum"},"content":{"rendered":"\t\t<div data-elementor-type=\"wp-page\" data-elementor-id=\"708\" class=\"elementor elementor-708\" data-elementor-post-type=\"page\">\n\t\t\t\t<div class=\"elementor-element elementor-element-7e079b41 e-flex e-con-boxed elementor-invisible e-con e-parent\" data-id=\"7e079b41\" data-element_type=\"container\" data-settings=\"{&quot;background_background&quot;:&quot;classic&quot;,&quot;animation&quot;:&quot;fadeInDown&quot;}\">\n\t\t\t\t\t<div class=\"e-con-inner\">\n\t\t\t\t<div class=\"elementor-element elementor-element-32d0a1b0 elementor-widget elementor-widget-heading\" data-id=\"32d0a1b0\" data-element_type=\"widget\" data-widget_type=\"heading.default\">\n\t\t\t\t<div class=\"elementor-widget-container\">\n\t\t\t\t\t<h2 class=\"elementor-heading-title elementor-size-default\">IMPRESSUM<\/h2>\t\t\t\t<\/div>\n\t\t\t\t<\/div>\n\t\t\t\t\t<\/div>\n\t\t\t\t<\/div>\n\t\t<div class=\"elementor-element elementor-element-fbf342f e-flex e-con-boxed e-con e-parent\" data-id=\"fbf342f\" data-element_type=\"container\">\n\t\t\t\t\t<div class=\"e-con-inner\">\n\t\t\t\t<div class=\"elementor-element elementor-element-89f8cf2 elementor-widget elementor-widget-text-editor\" data-id=\"89f8cf2\" data-element_type=\"widget\" data-widget_type=\"text-editor.default\">\n\t\t\t\t<div class=\"elementor-widget-container\">\n\t\t\t\t\t\t\t\t\t<p><strong>Grimmelshausen Gymnasium<\/strong><br \/>Schulleitung:<br \/>OStD&#8217;in Tina Ruf, Schulleiterin<br \/>StD&#8217;in Dagmar Sch\u00f6nfeld, stellvertretende Schulleiterin<br \/>StD\u00a0 Peter Malz \u2013 Abwesenheitsvertreter<\/p><p>In der Aue 3<br \/>63571 Gelnhausen<\/p><p>Telefon 06051 91528 0<br \/>Telefax 06051 91528 10<br \/>Mail: <a href=\"mailto:poststelle.ggg@schule.mkk.de\">poststelle.ggg@schule.mkk.de<\/a><\/p><p>\u00dcber die obige Anschrift sind ebenfalls die Leitungen der Fachbereiche erreichbar. Post an Kolleginnen und Kollegen kann ebenfalls an die allgemeine Adresse gesendet werden!<\/p><p>F\u00fcr die Belange die unsere \u00d6ffentlichkeitsarbeit betreffen wenden Sie sich bitte an:<br \/>OStR M. Pinkert<br \/>Mail: <a href=\"mailto:maurice.pinkert@grimmels.de\">maurice.pinkert@grimmels.de<\/a><\/p><p><strong>Schultr\u00e4ger (Diensteanbieter im Sinne des TDG\/MDStV):<\/strong><br \/>Main-Kinzig-Kreis<br \/>Amt f\u00fcr Schulwesen<\/p><p>Barbarossastra\u00dfe 16-18<br \/>63571 Gelnhausen<br \/>Telefon: 06051-85-0<br \/>Link: <a href=\"http:\/\/www.mkk.de\/\" target=\"_blank\" rel=\"noopener noreferrer\">http:\/\/www.mkk.de<\/a><\/p><p><strong>Verantwortlich f\u00fcr die Webinhalte:<br \/><\/strong><em>OStR M. Pinkert <\/em><em>(Redaktion, i.e.S. \u00d6ffentlichkeitsarbeit)<\/em><br \/>Mail: <a href=\"mailto:maurice.pinkert@grimmels.de\">maurice.pinkert@grimmels.de<\/a><\/p><p><em>StR O. K. Friedrich (technischer Ansprechpartner)<\/em><br \/>Mail: <a href=\"mailto:webmaster@grimmels.de\">webmaster@grimmels.de<\/a><\/p><p><strong>Haftungsausschluss:<\/strong><\/p><p>Die Anbieter dieser Seite weisen ausdr\u00fccklich darauf hin, dass trotz sorgf\u00e4ltiger Recherche und inhaltlicher Kontrolle keine Haftung f\u00fcr die Inhalte externer Links \u00fcbernommen wird. F\u00fcr den Inhalt der verkn\u00fcpften Seiten sind ausschlie\u00dflich deren Betreiber verantwortlich.<\/p><p>Das Einstellen der Dokumente dieses Onlineangebotes erfolgt nach bestem Wissen und Gewissen, jedoch ohne Gew\u00e4hr. So wurden alle Daten sorgf\u00e4ltig recherchiert und aufbereitet. F\u00fcr deren Vollst\u00e4ndigkeit oder Richtigkeit wird jedoch keine Haftung \u00fcbernommen.<\/p>\t\t\t\t\t\t\t\t<\/div>\n\t\t\t\t<\/div>\n\t\t\t\t\t<\/div>\n\t\t\t\t<\/div>\n\t\t\t\t<\/div>\n\t\t","protected":false},"excerpt":{"rendered":"<p>IMPRESSUM Grimmelshausen GymnasiumSchulleitung:OStD&#8217;in Tina Ruf, SchulleiterinStD&#8217;in Dagmar Sch\u00f6nfeld, stellvertretende SchulleiterinStD\u00a0 Peter Malz \u2013 Abwesenheitsvertreter In der Aue 363571 Gelnhausen Telefon 06051 91528 0Telefax 06051 91528 10Mail: poststelle.ggg@schule.mkk.de \u00dcber die obige Anschrift sind ebenfalls die Leitungen der Fachbereiche erreichbar. Post an Kolleginnen und Kollegen kann ebenfalls an die allgemeine Adresse gesendet werden! F\u00fcr die Belange die [&hellip;]<\/p>\n","protected":false},"author":3,"featured_media":0,"parent":0,"menu_order":0,"comment_status":"closed","ping_status":"closed","template":"","meta":{"advgb_blocks_editor_width":"","advgb_blocks_columns_visual_guide":"","ngg_post_thumbnail":0,"footnotes":""},"class_list":["post-708","page","type-page","status-publish","hentry"],"coauthors":[],"author_meta":{"author_link":"https:\/\/grimmels.de\/wordpress\/author\/renate-wichert\/","display_name":"Renate Wichert"},"relative_dates":{"created":"Posted 12\u00a0Jahren ago","modified":"Updated 1\u00a0Jahr ago"},"absolute_dates":{"created":"Posted on 4. Juli 2014","modified":"Updated on 27. Oktober 2024"},"absolute_dates_time":{"created":"Posted on 4. Juli 2014 14:45","modified":"Updated on 27. Oktober 2024 8:14"},"featured_img_caption":"","featured_img":false,"series_order":"","_links":{"self":[{"href":"https:\/\/grimmels.de\/wordpress\/wp-json\/wp\/v2\/pages\/708","targetHints":{"allow":["GET"]}}],"collection":[{"href":"https:\/\/grimmels.de\/wordpress\/wp-json\/wp\/v2\/pages"}],"about":[{"href":"https:\/\/grimmels.de\/wordpress\/wp-json\/wp\/v2\/types\/page"}],"author":[{"embeddable":true,"href":"https:\/\/grimmels.de\/wordpress\/wp-json\/wp\/v2\/users\/3"}],"replies":[{"embeddable":true,"href":"https:\/\/grimmels.de\/wordpress\/wp-json\/wp\/v2\/comments?post=708"}],"version-history":[{"count":25,"href":"https:\/\/grimmels.de\/wordpress\/wp-json\/wp\/v2\/pages\/708\/revisions"}],"predecessor-version":[{"id":60620,"href":"https:\/\/grimmels.de\/wordpress\/wp-json\/wp\/v2\/pages\/708\/revisions\/60620"}],"wp:attachment":[{"href":"https:\/\/grimmels.de\/wordpress\/wp-json\/wp\/v2\/media?parent=708"}],"curies":[{"name":"wp","href":"https:\/\/api.w.org\/{rel}","templated":true}]}}