{"id":814,"date":"2014-09-22T14:41:36","date_gmt":"2014-09-22T12:41:36","guid":{"rendered":"?page_id=814"},"modified":"2022-10-26T12:36:58","modified_gmt":"2022-10-26T10:36:58","slug":"statistik","status":"publish","type":"page","link":"https:\/\/grimmels.de\/wordpress\/statistik\/","title":{"rendered":"Statistik"},"content":{"rendered":"<p><strong>Sch\u00fclerzahlen zu Beginn des Schuljahres&nbsp;2022\/23<\/strong><\/p>\n<table width=\"418\">\n<tbody>\n<tr>\n<td width=\"289\">&nbsp;<\/td>\n<td width=\"66\">Sch\u00fcler\/innen<\/td>\n<td width=\"63\">Lerngruppen<\/td>\n<\/tr>\n<tr>\n<td width=\"289\">Sekundarstufe 1<\/td>\n<td width=\"66\">1059<\/td>\n<td width=\"63\">38<\/td>\n<\/tr>\n<tr>\n<td width=\"289\">Sekundarstufe 2<\/td>\n<td width=\"66\">360<\/td>\n<td width=\"63\">26<\/td>\n<\/tr>\n<tr>\n<td width=\"289\">Gesamt<\/td>\n<td width=\"66\">1419<\/td>\n<td width=\"63\">64<\/td>\n<\/tr>\n<\/tbody>\n<\/table>\n<p>In der Jahrgangsstufe 5 werden 212 Sch\u00fclerinnen und Sch\u00fcler in 7 Klassen aufgenommen, davon besuchen 62 Kinder die iPad-Klassen und 31 Kinder die Sportklasse.<\/p>\n<p>In der Sekundarstufe I werden in 9 iPad-Klassen 258 Kinder unterrichtet.<\/p>\n<p>In der Oberstufe werden zum Schuljahr neue Sch\u00fclerinnen und Sch\u00fcler aus zahlreichen anderen Schulen und Schulen aus dem Ausland begr\u00fc\u00dft.<\/p>\n","protected":false},"excerpt":{"rendered":"<p>Sch\u00fclerzahlen zu Beginn des Schuljahres&nbsp;2022\/23 &nbsp; Sch\u00fcler\/innen Lerngruppen Sekundarstufe 1 1059 38 Sekundarstufe 2 360 26 Gesamt 1419 64 In der Jahrgangsstufe 5 werden 212 Sch\u00fclerinnen und Sch\u00fcler in 7 Klassen aufgenommen, davon besuchen 62 Kinder die iPad-Klassen und 31 Kinder die Sportklasse. In der Sekundarstufe I werden in 9 iPad-Klassen 258 Kinder unterrichtet. In [&hellip;]<\/p>\n","protected":false},"author":1,"featured_media":0,"parent":0,"menu_order":0,"comment_status":"closed","ping_status":"closed","template":"","meta":{"advgb_blocks_editor_width":"","advgb_blocks_columns_visual_guide":"","ngg_post_thumbnail":0,"footnotes":""},"class_list":["post-814","page","type-page","status-publish","hentry"],"coauthors":[],"author_meta":{"author_link":"https:\/\/grimmels.de\/wordpress\/author\/webmaster\/","display_name":"webmaster"},"relative_dates":{"created":"Posted 12\u00a0Jahren ago","modified":"Updated 3\u00a0Jahren ago"},"absolute_dates":{"created":"Posted on 22. September 2014","modified":"Updated on 26. Oktober 2022"},"absolute_dates_time":{"created":"Posted on 22. September 2014 14:41","modified":"Updated on 26. Oktober 2022 12:36"},"featured_img_caption":"","featured_img":false,"series_order":"","_links":{"self":[{"href":"https:\/\/grimmels.de\/wordpress\/wp-json\/wp\/v2\/pages\/814","targetHints":{"allow":["GET"]}}],"collection":[{"href":"https:\/\/grimmels.de\/wordpress\/wp-json\/wp\/v2\/pages"}],"about":[{"href":"https:\/\/grimmels.de\/wordpress\/wp-json\/wp\/v2\/types\/page"}],"author":[{"embeddable":true,"href":"https:\/\/grimmels.de\/wordpress\/wp-json\/wp\/v2\/users\/1"}],"replies":[{"embeddable":true,"href":"https:\/\/grimmels.de\/wordpress\/wp-json\/wp\/v2\/comments?post=814"}],"version-history":[{"count":12,"href":"https:\/\/grimmels.de\/wordpress\/wp-json\/wp\/v2\/pages\/814\/revisions"}],"predecessor-version":[{"id":53297,"href":"https:\/\/grimmels.de\/wordpress\/wp-json\/wp\/v2\/pages\/814\/revisions\/53297"}],"wp:attachment":[{"href":"https:\/\/grimmels.de\/wordpress\/wp-json\/wp\/v2\/media?parent=814"}],"curies":[{"name":"wp","href":"https:\/\/api.w.org\/{rel}","templated":true}]}}