{"id":818,"date":"2014-09-22T14:45:00","date_gmt":"2014-09-22T12:45:00","guid":{"rendered":"?page_id=818"},"modified":"2020-12-30T11:53:16","modified_gmt":"2020-12-30T10:53:16","slug":"uber-grimmelshausen","status":"publish","type":"page","link":"https:\/\/grimmels.de\/wordpress\/uber-grimmelshausen\/","title":{"rendered":"\u00dcber Grimmelshausen"},"content":{"rendered":"<table>\n<tbody>\n<tr>\n<td>\n<p align=\"justify\"><a href=\"https:\/\/grimmels.de\/wordpress\/wp-content\/uploads\/2008\/09\/grimmelshausen.jpg\"><img decoding=\"async\" style=\"float: left; margin: 20px;\" title=\"grimmelshausen\" src=\"https:\/\/grimmels.de\/wordpress\/wp-content\/uploads\/2008\/09\/grimmelshausen-121x150.jpg\" alt=\"\" width=\"121\" height=\"150\"><\/a><b>Hans Jacob Christoffel von Grimmelshausen <\/b><br \/>\nGelnhusanus<\/p>\n<p align=\"justify\">Da nur wenige gesicherte Daten \u00fcber Hans (Johann) Jacob Christoffel von Grimmelshausen existieren, kann jeder Lebenslauf nur den Versuch einer Rekonstruktion darstellen.<\/p>\n<\/td>\n<\/tr>\n<\/tbody>\n<\/table>\n<p>&nbsp;<\/p>\n<p align=\"left\">Text von: Simone Gr\u00fcnewald<\/p>\n<p align=\"center\"><b>1621\/22<\/b><\/p>\n<p align=\"justify\">Grimmelshausen wird in Gelnhausen geboren, wahrscheinlich in der Schmidtgasse, dem heutigen Grimmelshausen-Hotel. Er lebt vermutlich bis zu seinem 12. Lebensjahr bei seinem Gro\u00dfvater Melchior Christoffel, einem angesehenen Zunftmeister der B\u00e4ckerzunft und Besitzer einer gutgehenden Weinwirtschaft.<\/p>\n<p align=\"center\"><b>1627-34<\/b><\/p>\n<p align=\"justify\">Grimmelshausen besucht vermutlich die Lateinschule in Gelnhausen (heute Sitz der Grimmelshausen-Bibliothek). Seine Mutter Gertraud geht 1627, nach dem Tod seines Vaters Johannes, mit ihrem neuem Ehemann Johannes Burck nach Frankfurt am Main, der kleine Hans Jacob bleibt bei seinem Gro\u00dfvater Melchior in Gelnhausen.<\/p>\n<p align=\"center\"><b>1634<\/b><\/p>\n<p align=\"justify\">Zerst\u00f6rung und Pl\u00fcnderung Gelnhausens. Grimmelshausen flieht wahrscheinlich, wie die meisten Gelnh\u00e4user, ins von den Schweden besetzte Hanau.<\/p>\n<p align=\"center\"><b>ab 1634<\/b><\/p>\n<p align=\"justify\">Grimmelshausen nimmt in unterschiedlichen Funktionen am Kriegsgeschehen teil (nicht zu belegen).<\/p>\n<p align=\"center\"><b>ca. 1639<\/b><\/p>\n<p align=\"justify\">Grimmelshausen ist Musketier im Regiment des kaiserlichen Oberst Hans Reinhard von Schauenburg.<\/p>\n<p align=\"center\"><b>ca. 1644<\/b><\/p>\n<p align=\"justify\">Grimmelshausen wird Regimentsschreiber im Schauenburgischen Regiment in Offenburg.<\/p>\n<p align=\"center\"><b>1649<\/b><\/p>\n<p style=\"text-align: left;\" align=\"center\">Grimmelshausen heiratet Catharina Henningerin in Offenburg, aus dieser Ehe gehen 10 Kinder hervor. Die katholische Trauung deutet auf Grimmelshausens Konversion zum Katholizismus.<\/p>\n<p align=\"center\"><b>1649-1660<\/b><\/p>\n<p align=\"justify\">Grimmelshausen arbeitet als Verwalter bei den Reichsfreiherren Hans Reinhard und Carl Bernhard von Schauenburg in Gaisbach.<\/p>\n<p align=\"center\"><b>1657-1658<\/b><\/p>\n<p align=\"justify\">Grimmelshausen f\u00fchrt die Gastwirtschaft &#8222;Zum silbernen Stern&#8220; in Gaisbach (die im \u00fcbrigen bis heute existiert).<\/p>\n<p align=\"center\"><b>1662-1665<\/b><\/p>\n<p align=\"justify\">Grimmelshausen ist Verwalter auf der Ullenburg f\u00fcr den Stra\u00dfburger Arzt Johannes K\u00fceffer.<\/p>\n<p align=\"center\"><b>1665-1667<\/b><\/p>\n<p align=\"justify\">Grimmelshausen betreibt erneut seine Gastwirtschaft in Gaisbach. 1666 erscheint Grimmelshausens erstes Buch unter dem Titel \u201eSatyrischer Pilgram\u201c<\/p>\n<p align=\"center\"><b>ab 1667<\/b><\/p>\n<p align=\"justify\">Grimmelshausen ist Schulthei\u00df in Renchen. In dieser Zeit ver\u00f6ffentlicht er in schneller Folge seine s\u00e4mtlichen Schriften. Sein ber\u00fchmtestes Werk, der \u201eAbenteurliche Simplicissimus Teutsch\u201c erscheint 1668, breits vordatiert auf 1669 (der l\u00e4ngeren Aktualit\u00e4t wegen).<\/p>\n<p align=\"center\"><b>1676<\/b><\/p>\n<p align=\"justify\">17. August stirbt Grimmelshausen in Renchen an der Kinzig.<\/p>\n<table style=\"width: 100%;\" border=\"0\">\n<tbody>\n<tr>\n<td valign=\"top\">\n<p align=\"center\"><b>Grimmels-Links<\/b><\/p>\n<p><a href=\"http:\/\/www.grimmelshausen-gymnasium.de\/\" target=\"_blank\" rel=\"noopener\">Grimmelshausen-Gymnasium Offenburg<\/a><\/p>\n<p><a href=\"http:\/\/de.wikipedia.org\/wiki\/Hans_Jakob_Christoffel_von_Grimmelshausen\" target=\"_blank\" rel=\"noopener\">Wikipedia zu Grimmelshausen<\/a><\/p>\n<p><a href=\"http:\/\/www.xlibris.de\/Autoren\/Grimmelshausen\/Grimmelshausen-Biographie\/Grimmelshausen-Biographie.htm\" target=\"_blank\" rel=\"noopener\">Biographie von Xlibris<\/a><\/p>\n<p><a href=\"http:\/\/www.grimmelshausen.org\/\" target=\"_blank\" rel=\"noopener\">Die Grimmelshausen-Gesellschaft<\/a><\/p>\n<p><a href=\"http:\/\/www.stadt-renchen.de\/\" target=\"_blank\" rel=\"noopener\">Stadt Renchen &#8211; Grimmelshausenstadt<\/a><\/p>\n<p><a href=\"http:\/\/www.gelnhausen.de\/\" target=\"_blank\" rel=\"noopener\">Stadt Gelnhausen<\/a><\/td>\n<td>\n<p style=\"text-align: center;\"><strong>Zitate<\/strong><\/p>\n<blockquote>\n<p style=\"text-align: center;\">Damit dir etwas vergeben werden kann, mu\u00dft du zun\u00e4chst kraftvoll s\u00fcndigen.<\/p>\n<\/blockquote>\n<p>&nbsp;<\/p>\n<blockquote>\n<p style=\"text-align: right;\">Ein jeder Tag bricht dir was ab \/\/ Von deiner Sch\u00f6nheit bis ins Grab.<\/p>\n<\/blockquote>\n<p>&nbsp;<\/p>\n<blockquote>\n<p style=\"text-align: left;\">Es gibt nichts Best\u00e4ndigeres als die Unbest\u00e4ndigkeit.<\/p>\n<\/blockquote>\n<p>&nbsp;<\/td>\n<\/tr>\n<\/tbody>\n<\/table>\n","protected":false},"excerpt":{"rendered":"<p>Hans Jacob Christoffel von Grimmelshausen Gelnhusanus Da nur wenige gesicherte Daten \u00fcber Hans (Johann) Jacob Christoffel von Grimmelshausen existieren, kann jeder Lebenslauf nur den Versuch einer Rekonstruktion darstellen. &nbsp; Text von: Simone Gr\u00fcnewald 1621\/22 Grimmelshausen wird in Gelnhausen geboren, wahrscheinlich in der Schmidtgasse, dem heutigen Grimmelshausen-Hotel. Er lebt vermutlich bis zu seinem 12. Lebensjahr bei [&hellip;]<\/p>\n","protected":false},"author":1,"featured_media":0,"parent":0,"menu_order":0,"comment_status":"closed","ping_status":"closed","template":"","meta":{"advgb_blocks_editor_width":"","advgb_blocks_columns_visual_guide":"","ngg_post_thumbnail":0,"footnotes":""},"class_list":["post-818","page","type-page","status-publish","hentry"],"coauthors":[],"author_meta":{"author_link":"https:\/\/grimmels.de\/wordpress\/author\/webmaster\/","display_name":"webmaster"},"relative_dates":{"created":"Posted 12\u00a0Jahren ago","modified":"Updated 5\u00a0Jahren ago"},"absolute_dates":{"created":"Posted on 22. September 2014","modified":"Updated on 30. Dezember 2020"},"absolute_dates_time":{"created":"Posted on 22. September 2014 14:45","modified":"Updated on 30. Dezember 2020 11:53"},"featured_img_caption":"","featured_img":false,"series_order":"","_links":{"self":[{"href":"https:\/\/grimmels.de\/wordpress\/wp-json\/wp\/v2\/pages\/818","targetHints":{"allow":["GET"]}}],"collection":[{"href":"https:\/\/grimmels.de\/wordpress\/wp-json\/wp\/v2\/pages"}],"about":[{"href":"https:\/\/grimmels.de\/wordpress\/wp-json\/wp\/v2\/types\/page"}],"author":[{"embeddable":true,"href":"https:\/\/grimmels.de\/wordpress\/wp-json\/wp\/v2\/users\/1"}],"replies":[{"embeddable":true,"href":"https:\/\/grimmels.de\/wordpress\/wp-json\/wp\/v2\/comments?post=818"}],"version-history":[{"count":2,"href":"https:\/\/grimmels.de\/wordpress\/wp-json\/wp\/v2\/pages\/818\/revisions"}],"predecessor-version":[{"id":45781,"href":"https:\/\/grimmels.de\/wordpress\/wp-json\/wp\/v2\/pages\/818\/revisions\/45781"}],"wp:attachment":[{"href":"https:\/\/grimmels.de\/wordpress\/wp-json\/wp\/v2\/media?parent=818"}],"curies":[{"name":"wp","href":"https:\/\/api.w.org\/{rel}","templated":true}]}}