{"id":9592,"date":"2014-10-16T15:30:07","date_gmt":"2014-10-16T13:30:07","guid":{"rendered":"?page_id=9592"},"modified":"2020-10-27T17:08:27","modified_gmt":"2020-10-27T16:08:27","slug":"ansprechbar-3","status":"publish","type":"page","link":"https:\/\/grimmels.de\/wordpress\/ansprechbar-3\/","title":{"rendered":"Ansprechbar"},"content":{"rendered":"\n<figure class=\"wp-block-gallery alignleft columns-2 is-cropped wp-block-gallery-1\"><ul class=\"blocks-gallery-grid\"><li class=\"blocks-gallery-item\"><figure><img fetchpriority=\"high\" decoding=\"async\" width=\"1024\" height=\"683\" src=\"https:\/\/grimmels.de\/wordpress\/wp-content\/uploads\/2020\/10\/ansprechbar-03.jpg\" alt=\"\" data-id=\"45296\" data-link=\"https:\/\/grimmels.de\/wordpress\/ansprechbar-3\/ansprechbar-03\/\" class=\"wp-image-45296\" srcset=\"https:\/\/grimmels.de\/wordpress\/wp-content\/uploads\/2020\/10\/ansprechbar-03.jpg 1024w, https:\/\/grimmels.de\/wordpress\/wp-content\/uploads\/2020\/10\/ansprechbar-03-300x200.jpg 300w, https:\/\/grimmels.de\/wordpress\/wp-content\/uploads\/2020\/10\/ansprechbar-03-150x100.jpg 150w, https:\/\/grimmels.de\/wordpress\/wp-content\/uploads\/2020\/10\/ansprechbar-03-768x512.jpg 768w\" sizes=\"(max-width: 1024px) 100vw, 1024px\" \/><\/figure><\/li><li class=\"blocks-gallery-item\"><figure><img decoding=\"async\" width=\"1024\" height=\"556\" src=\"https:\/\/grimmels.de\/wordpress\/wp-content\/uploads\/2020\/10\/ansprechbar-02.jpg\" alt=\"\" data-id=\"45297\" data-link=\"https:\/\/grimmels.de\/wordpress\/ansprechbar-3\/ansprechbar-02\/\" class=\"wp-image-45297\" srcset=\"https:\/\/grimmels.de\/wordpress\/wp-content\/uploads\/2020\/10\/ansprechbar-02.jpg 1024w, https:\/\/grimmels.de\/wordpress\/wp-content\/uploads\/2020\/10\/ansprechbar-02-300x163.jpg 300w, https:\/\/grimmels.de\/wordpress\/wp-content\/uploads\/2020\/10\/ansprechbar-02-150x81.jpg 150w, https:\/\/grimmels.de\/wordpress\/wp-content\/uploads\/2020\/10\/ansprechbar-02-768x417.jpg 768w\" sizes=\"(max-width: 1024px) 100vw, 1024px\" \/><\/figure><\/li><li class=\"blocks-gallery-item\"><figure><img decoding=\"async\" width=\"1024\" height=\"576\" src=\"https:\/\/grimmels.de\/wordpress\/wp-content\/uploads\/2020\/10\/ansprechbar-01.jpg\" alt=\"\" data-id=\"45298\" data-link=\"https:\/\/grimmels.de\/wordpress\/ansprechbar-3\/ansprechbar-01\/\" class=\"wp-image-45298\" srcset=\"https:\/\/grimmels.de\/wordpress\/wp-content\/uploads\/2020\/10\/ansprechbar-01.jpg 1024w, https:\/\/grimmels.de\/wordpress\/wp-content\/uploads\/2020\/10\/ansprechbar-01-300x169.jpg 300w, https:\/\/grimmels.de\/wordpress\/wp-content\/uploads\/2020\/10\/ansprechbar-01-150x84.jpg 150w, https:\/\/grimmels.de\/wordpress\/wp-content\/uploads\/2020\/10\/ansprechbar-01-768x432.jpg 768w\" sizes=\"(max-width: 1024px) 100vw, 1024px\" \/><\/figure><\/li><li class=\"blocks-gallery-item\"><figure><img loading=\"lazy\" decoding=\"async\" width=\"1024\" height=\"498\" src=\"https:\/\/grimmels.de\/wordpress\/wp-content\/uploads\/2020\/10\/ansprechbar-06.jpg\" alt=\"\" data-id=\"45303\" data-full-url=\"https:\/\/grimmels.de\/wordpress\/wp-content\/uploads\/2020\/10\/ansprechbar-06.jpg\" data-link=\"https:\/\/grimmels.de\/wordpress\/ansprechbar-3\/ansprechbar-06\/\" class=\"wp-image-45303\" srcset=\"https:\/\/grimmels.de\/wordpress\/wp-content\/uploads\/2020\/10\/ansprechbar-06.jpg 1024w, https:\/\/grimmels.de\/wordpress\/wp-content\/uploads\/2020\/10\/ansprechbar-06-300x146.jpg 300w, https:\/\/grimmels.de\/wordpress\/wp-content\/uploads\/2020\/10\/ansprechbar-06-150x73.jpg 150w, https:\/\/grimmels.de\/wordpress\/wp-content\/uploads\/2020\/10\/ansprechbar-06-768x374.jpg 768w\" sizes=\"(max-width: 1024px) 100vw, 1024px\" \/><\/figure><\/li><li class=\"blocks-gallery-item\"><figure><img loading=\"lazy\" decoding=\"async\" width=\"498\" height=\"1024\" src=\"https:\/\/grimmels.de\/wordpress\/wp-content\/uploads\/2020\/10\/ansprechbar-05.jpg\" alt=\"\" data-id=\"45304\" data-full-url=\"https:\/\/grimmels.de\/wordpress\/wp-content\/uploads\/2020\/10\/ansprechbar-05.jpg\" data-link=\"https:\/\/grimmels.de\/wordpress\/ansprechbar-3\/ansprechbar-05\/\" class=\"wp-image-45304\" srcset=\"https:\/\/grimmels.de\/wordpress\/wp-content\/uploads\/2020\/10\/ansprechbar-05.jpg 498w, https:\/\/grimmels.de\/wordpress\/wp-content\/uploads\/2020\/10\/ansprechbar-05-146x300.jpg 146w, https:\/\/grimmels.de\/wordpress\/wp-content\/uploads\/2020\/10\/ansprechbar-05-73x150.jpg 73w\" sizes=\"(max-width: 498px) 100vw, 498px\" \/><\/figure><\/li><li class=\"blocks-gallery-item\"><figure><img loading=\"lazy\" decoding=\"async\" width=\"1024\" height=\"498\" src=\"https:\/\/grimmels.de\/wordpress\/wp-content\/uploads\/2020\/10\/ansprechbar-04.jpg\" alt=\"\" data-id=\"45305\" data-full-url=\"https:\/\/grimmels.de\/wordpress\/wp-content\/uploads\/2020\/10\/ansprechbar-04.jpg\" data-link=\"https:\/\/grimmels.de\/wordpress\/ansprechbar-3\/ansprechbar-04\/\" class=\"wp-image-45305 is-layout-flex wp-block-gallery-is-layout-flex\" srcset=\"https:\/\/grimmels.de\/wordpress\/wp-content\/uploads\/2020\/10\/ansprechbar-04.jpg 1024w, https:\/\/grimmels.de\/wordpress\/wp-content\/uploads\/2020\/10\/ansprechbar-04-300x146.jpg 300w, https:\/\/grimmels.de\/wordpress\/wp-content\/uploads\/2020\/10\/ansprechbar-04-150x73.jpg 150w, https:\/\/grimmels.de\/wordpress\/wp-content\/uploads\/2020\/10\/ansprechbar-04-768x374.jpg 768w\" sizes=\"(max-width: 1024px) 100vw, 1024px\" \/><\/figure><\/li><\/ul><\/figure>\n\n\n<p>Wenn Jugendliche anfangen, sich ihre eigenen Gedanken zu machen, ihre eigenen Werte zu entwickeln, wenn sie ihren Platz in der Welt entdecken und einnehmen wollen und dabei Dinge in Frage stellen, kurz: wenn sie ganz normale Jugendliche sind, dann geht das nicht ohne Konflikte und Krisen ab. Viele f\u00fchlen sich verunsichert, was die eigene Entwicklung betrifft. Das Verh\u00e4ltnis zu Eltern, Lehrern, Freunden, zu sich selbst wird komplizierter und das Gef\u00fchl, mit all dem allein zu sein, macht manchem zu schaffen.<\/p>\n<p>Wenn sich Menschen in Krisensituationen befinden, dann ist Kirche gefordert und hat den Auftrag, Begleiter zu sein. Seit 2002 gibt es deshalb die \u201cAnsprechbar\u201d im Grimmelshausen-Gymnasium. Unsere Schulseelsorger Hartmut Winkler (evangelischer Diakon im Kirchenkreis Kinzigtal) und Daniel Stehling (katholischer Pastoralreferent im Bistum Fulda) stehen f\u00fcr Gespr\u00e4che und Beratung zur Verf\u00fcgung, unabh\u00e4ngig von Religion und Konfession.<\/p>\n<p>Die \u201cAnsprechbar\u201d ist ein Raum im GGG, wo Daniel Stehling und Hartmut Winkler f\u00fcr die Sch\u00fcler zu erreichen, eben ansprechbar sind. Hier ist Gelegenheit, unkompliziert Kontakt aufzunehmen, ein Spiel zu spielen, Hausaufgaben zu machen und wenn es n\u00f6tig ist, einen Termin f\u00fcr ein ungest\u00f6rtes Gespr\u00e4ch auszumachen. Das Angebot wurde schnell angenommen, sowohl von Sch\u00fclern, die Rat suchen, als auch von Lehrern, die Probleme unter den Sch\u00fclern entdecken und ansprechen wollen. Wie n\u00f6tig Schulseelsorge sein kann, wird immer dann deutlich, wenn die gro\u00dfen Krisen im Leben der Jugendlichen auftauchen: wenn pl\u00f6tzlich eine Mitsch\u00fclerin verungl\u00fcckt, wenn Freunde magers\u00fcchtig werden, wenn ein Mensch, der uns nahe steht, Suizid begeht, wenn Versagensangst und mangelndes Selbstwertgef\u00fchl die Luft abzudr\u00fccken scheinen.<\/p>\n<p>Neben pers\u00f6nlichen Gespr\u00e4chen gibt es Angebote wie Schulgottesdienste oder die Morgenandachten in der Advents- und Fastenzeit. Ein Team von ca. 30 Sch\u00fclern und Sch\u00fclerinnen ab der 9. Klasse unterst\u00fctzt die Arbeit in der Ansprechbar, so dass auch in den Zeiten ge\u00f6ffnet werden kann, in denen Hartmut Winkler und Daniel Stehling nicht da sind. Gemeinsam mit ihnen plant das Team auch die Themenwochen und arbeitet bei Projekttagen f\u00fcr schwierige Klassensituationen mit. Fest im Schulprogramm sind Klassenprojekttage zum Kennenlernen in den neuen Klassen 5 verankerter. Auch dabei und bei der Schulung der Klassenlehrer f\u00fcr diese Tage helfen Teamitglieder. Es gibt viele Gr\u00fcnde, mal rein zu schauen und es fragt l\u00e4ngst keiner mehr: \u201eHast du ein Problem oder warum warst du in der Ansprechbar?\u201d<\/p>\n<p><a href=\"mailto: hartmut.winkler@grimmels.de\">Hartmut Winkler<\/a> und <a href=\"mailto: Daniel.Stehling@grimmels.de\">Daniel Stehling<\/a><\/p>","protected":false},"excerpt":{"rendered":"<p>Wenn Jugendliche anfangen, sich ihre eigenen Gedanken zu machen, ihre eigenen Werte zu entwickeln, wenn sie ihren Platz in der Welt entdecken und einnehmen wollen und dabei Dinge in Frage stellen, kurz: wenn sie ganz normale Jugendliche sind, dann geht das nicht ohne Konflikte und Krisen ab. Viele f\u00fchlen sich verunsichert, was die eigene Entwicklung [&hellip;]<\/p>\n","protected":false},"author":1,"featured_media":0,"parent":0,"menu_order":0,"comment_status":"closed","ping_status":"closed","template":"","meta":{"advgb_blocks_editor_width":"","advgb_blocks_columns_visual_guide":"","ngg_post_thumbnail":0,"footnotes":""},"class_list":["post-9592","page","type-page","status-publish","hentry"],"coauthors":[],"author_meta":{"author_link":"https:\/\/grimmels.de\/wordpress\/author\/webmaster\/","display_name":"webmaster"},"relative_dates":{"created":"Posted 11\u00a0Jahren ago","modified":"Updated 5\u00a0Jahren ago"},"absolute_dates":{"created":"Posted on 16. Oktober 2014","modified":"Updated on 27. Oktober 2020"},"absolute_dates_time":{"created":"Posted on 16. Oktober 2014 15:30","modified":"Updated on 27. Oktober 2020 17:08"},"featured_img_caption":"","featured_img":false,"series_order":"","_links":{"self":[{"href":"https:\/\/grimmels.de\/wordpress\/wp-json\/wp\/v2\/pages\/9592","targetHints":{"allow":["GET"]}}],"collection":[{"href":"https:\/\/grimmels.de\/wordpress\/wp-json\/wp\/v2\/pages"}],"about":[{"href":"https:\/\/grimmels.de\/wordpress\/wp-json\/wp\/v2\/types\/page"}],"author":[{"embeddable":true,"href":"https:\/\/grimmels.de\/wordpress\/wp-json\/wp\/v2\/users\/1"}],"replies":[{"embeddable":true,"href":"https:\/\/grimmels.de\/wordpress\/wp-json\/wp\/v2\/comments?post=9592"}],"version-history":[{"count":6,"href":"https:\/\/grimmels.de\/wordpress\/wp-json\/wp\/v2\/pages\/9592\/revisions"}],"predecessor-version":[{"id":45306,"href":"https:\/\/grimmels.de\/wordpress\/wp-json\/wp\/v2\/pages\/9592\/revisions\/45306"}],"wp:attachment":[{"href":"https:\/\/grimmels.de\/wordpress\/wp-json\/wp\/v2\/media?parent=9592"}],"curies":[{"name":"wp","href":"https:\/\/api.w.org\/{rel}","templated":true}]}}