{"id":9608,"date":"2014-10-22T11:03:26","date_gmt":"2014-10-22T09:03:26","guid":{"rendered":"?page_id=9608"},"modified":"2022-09-21T16:54:39","modified_gmt":"2022-09-21T14:54:39","slug":"grimmels-buchland","status":"publish","type":"page","link":"https:\/\/grimmels.de\/wordpress\/grimmels-buchland\/","title":{"rendered":"Grimmels Buchland"},"content":{"rendered":"\n<figure class=\"wp-block-gallery alignleft has-nested-images columns-2 is-cropped wp-block-gallery-1 is-layout-flex wp-block-gallery-is-layout-flex advgb-dyn-0ce946e8\">\n<figure class=\"wp-block-image size-large\"><a href=\"https:\/\/grimmels.de\/wordpress\/wp-content\/uploads\/2022\/09\/buchland1.jpg\"><img fetchpriority=\"high\" decoding=\"async\" width=\"815\" height=\"1024\" data-id=\"52979\" src=\"https:\/\/grimmels.de\/wordpress\/wp-content\/uploads\/2022\/09\/buchland1-815x1024.jpg\" alt=\"\" class=\"wp-image-52979\" srcset=\"https:\/\/grimmels.de\/wordpress\/wp-content\/uploads\/2022\/09\/buchland1-815x1024.jpg 815w, https:\/\/grimmels.de\/wordpress\/wp-content\/uploads\/2022\/09\/buchland1-239x300.jpg 239w, https:\/\/grimmels.de\/wordpress\/wp-content\/uploads\/2022\/09\/buchland1-119x150.jpg 119w, https:\/\/grimmels.de\/wordpress\/wp-content\/uploads\/2022\/09\/buchland1-768x965.jpg 768w, https:\/\/grimmels.de\/wordpress\/wp-content\/uploads\/2022\/09\/buchland1-1222x1536.jpg 1222w, https:\/\/grimmels.de\/wordpress\/wp-content\/uploads\/2022\/09\/buchland1.jpg 1273w\" sizes=\"(max-width: 815px) 100vw, 815px\" \/><\/a><\/figure>\n\n\n\n<figure class=\"wp-block-image size-large\"><a href=\"https:\/\/grimmels.de\/wordpress\/wp-content\/uploads\/2022\/09\/buchland2.jpg\"><img decoding=\"async\" width=\"461\" height=\"1024\" data-id=\"52980\" src=\"https:\/\/grimmels.de\/wordpress\/wp-content\/uploads\/2022\/09\/buchland2-461x1024.jpg\" alt=\"\" class=\"wp-image-52980\" srcset=\"https:\/\/grimmels.de\/wordpress\/wp-content\/uploads\/2022\/09\/buchland2-461x1024.jpg 461w, https:\/\/grimmels.de\/wordpress\/wp-content\/uploads\/2022\/09\/buchland2-135x300.jpg 135w, https:\/\/grimmels.de\/wordpress\/wp-content\/uploads\/2022\/09\/buchland2-68x150.jpg 68w, https:\/\/grimmels.de\/wordpress\/wp-content\/uploads\/2022\/09\/buchland2-692x1536.jpg 692w, https:\/\/grimmels.de\/wordpress\/wp-content\/uploads\/2022\/09\/buchland2.jpg 721w\" sizes=\"(max-width: 461px) 100vw, 461px\" \/><\/a><\/figure>\n\n\n\n<figure class=\"wp-block-image size-large\"><a href=\"https:\/\/grimmels.de\/wordpress\/wp-content\/uploads\/2022\/09\/buchland3.jpg\"><img decoding=\"async\" width=\"563\" height=\"1024\" data-id=\"52981\" src=\"https:\/\/grimmels.de\/wordpress\/wp-content\/uploads\/2022\/09\/buchland3-563x1024.jpg\" alt=\"\" class=\"wp-image-52981\" srcset=\"https:\/\/grimmels.de\/wordpress\/wp-content\/uploads\/2022\/09\/buchland3-563x1024.jpg 563w, https:\/\/grimmels.de\/wordpress\/wp-content\/uploads\/2022\/09\/buchland3-165x300.jpg 165w, https:\/\/grimmels.de\/wordpress\/wp-content\/uploads\/2022\/09\/buchland3-82x150.jpg 82w, https:\/\/grimmels.de\/wordpress\/wp-content\/uploads\/2022\/09\/buchland3-768x1398.jpg 768w, https:\/\/grimmels.de\/wordpress\/wp-content\/uploads\/2022\/09\/buchland3-844x1536.jpg 844w, https:\/\/grimmels.de\/wordpress\/wp-content\/uploads\/2022\/09\/buchland3.jpg 879w\" sizes=\"(max-width: 563px) 100vw, 563px\" \/><\/a><\/figure>\n\n\n\n<figure class=\"wp-block-image size-large\"><a href=\"https:\/\/grimmels.de\/wordpress\/wp-content\/uploads\/2022\/09\/buchland4.jpg\"><img loading=\"lazy\" decoding=\"async\" width=\"749\" height=\"1024\" data-id=\"52982\" src=\"https:\/\/grimmels.de\/wordpress\/wp-content\/uploads\/2022\/09\/buchland4-749x1024.jpg\" alt=\"\" class=\"wp-image-52982\" srcset=\"https:\/\/grimmels.de\/wordpress\/wp-content\/uploads\/2022\/09\/buchland4-749x1024.jpg 749w, https:\/\/grimmels.de\/wordpress\/wp-content\/uploads\/2022\/09\/buchland4-219x300.jpg 219w, https:\/\/grimmels.de\/wordpress\/wp-content\/uploads\/2022\/09\/buchland4-110x150.jpg 110w, https:\/\/grimmels.de\/wordpress\/wp-content\/uploads\/2022\/09\/buchland4-768x1050.jpg 768w, https:\/\/grimmels.de\/wordpress\/wp-content\/uploads\/2022\/09\/buchland4-1123x1536.jpg 1123w, https:\/\/grimmels.de\/wordpress\/wp-content\/uploads\/2022\/09\/buchland4.jpg 1170w\" sizes=\"(max-width: 749px) 100vw, 749px\" \/><\/a><\/figure>\n<\/figure>\n\n\n\n<p>Das &#8222;Grimmels Buchland&#8220;<\/p>\n\n\n\n<p>Die Unterhaltungsb\u00fccherei \u201eGrimmels Buchland\u201c mit mehr als 1.000 Werken bietet besonders f\u00fcr Sch\u00fclerinnen und Sch\u00fcler der Klassen 5 bis 11 Lesestoff. Klassische und moderne Kinder- und Jugendromane, Krimis, Fantasyliteratur, illustrierte Sachb\u00fccher, Biographien, und auch verst\u00e4rkt Lekt\u00fcre in englischer Sprache, k\u00f6nnen sich die Sch\u00fclerinnen und Sch\u00fcler hier in den Pausen ansehen oder mit nach Hause nehmen, um dort in Ruhe zu schm\u00f6kern.&nbsp;&nbsp;&nbsp;<\/p>\n\n\n\n<p>Besonders im Sachbuchbereich wird darauf geachtet, m\u00f6glichst alle in der Schule angebotenen F\u00e4cher durch geeignete Werke zu ber\u00fccksichtigen.&nbsp;<\/p>\n\n\n\n<p>Dank der gro\u00dfz\u00fcgigen Unterst\u00fctzung der Eltern (Finanzierung der Unterhaltungsb\u00fccherei durch Elternspende) k\u00f6nnen laufend Neuerscheinungen angeschafft werden. Die Leitung der B\u00fccherei liegt bei Tatjana J\u00e4ger, tatkr\u00e4ftige Hilfe bei der t\u00e4glichen Ausleihe und Organisation leisten die Sch\u00fclerinnen und Sch\u00fcler der Buchland AG. Das rege Interesse am Angebot der B\u00fccherei zeigt, wie bedeutsam die Rolle der Schule bei der Lesef\u00f6rderung sein kann.&nbsp;<\/p>\n\n\n\n<p>Das Grimmels Buchland befindet sich im Erdgeschoss des B-Geb\u00e4udes direkt neben der Ansprechbar und ist in den gro\u00dfen Pausen f\u00fcr alle Lesebegeisterten ge\u00f6ffnet.&nbsp;&nbsp;<\/p>\n","protected":false},"excerpt":{"rendered":"<p>Das &#8222;Grimmels Buchland&#8220; Die Unterhaltungsb\u00fccherei \u201eGrimmels Buchland\u201c mit mehr als 1.000 Werken bietet besonders f\u00fcr Sch\u00fclerinnen und Sch\u00fcler der Klassen 5 bis 11 Lesestoff. Klassische und moderne Kinder- und Jugendromane, Krimis, Fantasyliteratur, illustrierte Sachb\u00fccher, Biographien, und auch verst\u00e4rkt Lekt\u00fcre in englischer Sprache, k\u00f6nnen sich die Sch\u00fclerinnen und Sch\u00fcler hier in den Pausen ansehen oder mit [&hellip;]<\/p>\n","protected":false},"author":1,"featured_media":0,"parent":0,"menu_order":0,"comment_status":"closed","ping_status":"closed","template":"","meta":{"advgb_blocks_editor_width":"","advgb_blocks_columns_visual_guide":"","ngg_post_thumbnail":0,"footnotes":""},"class_list":["post-9608","page","type-page","status-publish","hentry"],"coauthors":[],"author_meta":{"author_link":"https:\/\/grimmels.de\/wordpress\/author\/webmaster\/","display_name":"webmaster"},"relative_dates":{"created":"Posted 11\u00a0Jahren ago","modified":"Updated 4\u00a0Jahren ago"},"absolute_dates":{"created":"Posted on 22. Oktober 2014","modified":"Updated on 21. September 2022"},"absolute_dates_time":{"created":"Posted on 22. Oktober 2014 11:03","modified":"Updated on 21. September 2022 16:54"},"featured_img_caption":"","featured_img":false,"series_order":"","_links":{"self":[{"href":"https:\/\/grimmels.de\/wordpress\/wp-json\/wp\/v2\/pages\/9608","targetHints":{"allow":["GET"]}}],"collection":[{"href":"https:\/\/grimmels.de\/wordpress\/wp-json\/wp\/v2\/pages"}],"about":[{"href":"https:\/\/grimmels.de\/wordpress\/wp-json\/wp\/v2\/types\/page"}],"author":[{"embeddable":true,"href":"https:\/\/grimmels.de\/wordpress\/wp-json\/wp\/v2\/users\/1"}],"replies":[{"embeddable":true,"href":"https:\/\/grimmels.de\/wordpress\/wp-json\/wp\/v2\/comments?post=9608"}],"version-history":[{"count":9,"href":"https:\/\/grimmels.de\/wordpress\/wp-json\/wp\/v2\/pages\/9608\/revisions"}],"predecessor-version":[{"id":52984,"href":"https:\/\/grimmels.de\/wordpress\/wp-json\/wp\/v2\/pages\/9608\/revisions\/52984"}],"wp:attachment":[{"href":"https:\/\/grimmels.de\/wordpress\/wp-json\/wp\/v2\/media?parent=9608"}],"curies":[{"name":"wp","href":"https:\/\/api.w.org\/{rel}","templated":true}]}}