{"id":9616,"date":"2014-10-22T13:40:49","date_gmt":"2014-10-22T11:40:49","guid":{"rendered":"?page_id=9616"},"modified":"2017-09-05T14:43:23","modified_gmt":"2017-09-05T12:43:23","slug":"clamecyfrankreich","status":"publish","type":"page","link":"https:\/\/grimmels.de\/wordpress\/clamecyfrankreich\/","title":{"rendered":"Clamecy\/Frankreich"},"content":{"rendered":"<p><a href=\"https:\/\/grimmels.de\/wordpress\/wp-content\/uploads\/2014\/10\/lycee_romain_rolland.jpg\"><img decoding=\"async\" class=\"alignnone wp-image-11656 size-full\" src=\"https:\/\/grimmels.de\/wordpress\/wp-content\/uploads\/2014\/10\/lycee_romain_rolland.jpg\" alt=\"Das Lycee Romain Rolland\" width=\"200\" height=\"150\"><\/a>Bereits mit der St\u00e4dteverschwisterung zwischen Clamecy und Gelnhausen im Jahre 1963 begann unsere \u00e4lteste Partnerschaft mit dem Lyc\u00e9e Romain Rolland. Seit nunmehr \u00fcber 30 Jahren erfolgt ein reger Austausch in j\u00e4hrlichem Wechsel zwischen den beiden Schulen, an dem vor allem Sch\u00fclerinnen und Sch\u00fcler unserer Jahrgangsstufen 10 und 11 teilnehmen. Neben der Festigung und Vertiefung der deutsch-franz\u00f6sischen Freundschaft steht der praktische Umgang mit der Fremdsprache im Vordergrund.<\/p>\n<p>&nbsp;<\/p>\n<ul>\n<li>zur <a href=\"http:\/\/lyc58-romain-rolland.ac-dijon.fr\/\" target=\"_blank\" rel=\"noopener\">Website des Lyc\u00e9e Romain Rolland<\/a><\/li>\n<li>zur <a href=\"http:\/\/www.clamecy.fr\/\" target=\"_blank\" rel=\"noopener\">Website von Clamecy<\/a><\/li>\n<\/ul>\n<p><strong>Clamecy und das Lyc\u00e9e Romain Rolland bei google-maps:<\/strong><\/p>\n<p><center><iframe style=\"border: 0;\" src=\"https:\/\/www.google.com\/maps\/embed?pb=!1m18!1m12!1m3!1d1374496.3944071557!2d2.6198228453977586!3d47.71231587869175!2m3!1f0!2f0!3f0!3m2!1i1024!2i768!4f13.1!3m3!1m2!1s0x47ee28c102b21c27%3A0x30d4b3b970b32cb6!2sLyc%C3%A9e+Romain+Rolland!5e0!3m2!1sde!2sde!4v1414226458104\" width=\"600\" height=\"450\" frameborder=\"0\"><\/iframe><\/center><\/p>\n","protected":false},"excerpt":{"rendered":"<p>Bereits mit der St\u00e4dteverschwisterung zwischen Clamecy und Gelnhausen im Jahre 1963 begann unsere \u00e4lteste Partnerschaft mit dem Lyc\u00e9e Romain Rolland. Seit nunmehr \u00fcber 30 Jahren erfolgt ein reger Austausch in j\u00e4hrlichem Wechsel zwischen den beiden Schulen, an dem vor allem Sch\u00fclerinnen und Sch\u00fcler unserer Jahrgangsstufen 10 und 11 teilnehmen. Neben der Festigung und Vertiefung der [&hellip;]<\/p>\n","protected":false},"author":1,"featured_media":0,"parent":0,"menu_order":0,"comment_status":"closed","ping_status":"closed","template":"","meta":{"advgb_blocks_editor_width":"","advgb_blocks_columns_visual_guide":"","ngg_post_thumbnail":0,"footnotes":""},"class_list":["post-9616","page","type-page","status-publish","hentry"],"coauthors":[],"author_meta":{"author_link":"https:\/\/grimmels.de\/wordpress\/author\/webmaster\/","display_name":"webmaster"},"relative_dates":{"created":"Posted 11\u00a0Jahren ago","modified":"Updated 9\u00a0Jahren ago"},"absolute_dates":{"created":"Posted on 22. Oktober 2014","modified":"Updated on 5. September 2017"},"absolute_dates_time":{"created":"Posted on 22. Oktober 2014 13:40","modified":"Updated on 5. September 2017 14:43"},"featured_img_caption":"","featured_img":false,"series_order":"","_links":{"self":[{"href":"https:\/\/grimmels.de\/wordpress\/wp-json\/wp\/v2\/pages\/9616","targetHints":{"allow":["GET"]}}],"collection":[{"href":"https:\/\/grimmels.de\/wordpress\/wp-json\/wp\/v2\/pages"}],"about":[{"href":"https:\/\/grimmels.de\/wordpress\/wp-json\/wp\/v2\/types\/page"}],"author":[{"embeddable":true,"href":"https:\/\/grimmels.de\/wordpress\/wp-json\/wp\/v2\/users\/1"}],"replies":[{"embeddable":true,"href":"https:\/\/grimmels.de\/wordpress\/wp-json\/wp\/v2\/comments?post=9616"}],"version-history":[{"count":1,"href":"https:\/\/grimmels.de\/wordpress\/wp-json\/wp\/v2\/pages\/9616\/revisions"}],"predecessor-version":[{"id":35604,"href":"https:\/\/grimmels.de\/wordpress\/wp-json\/wp\/v2\/pages\/9616\/revisions\/35604"}],"wp:attachment":[{"href":"https:\/\/grimmels.de\/wordpress\/wp-json\/wp\/v2\/media?parent=9616"}],"curies":[{"name":"wp","href":"https:\/\/api.w.org\/{rel}","templated":true}]}}