{"id":9619,"date":"2014-10-22T13:45:11","date_gmt":"2014-10-22T11:45:11","guid":{"rendered":"?page_id=9619"},"modified":"2018-11-06T17:09:33","modified_gmt":"2018-11-06T16:09:33","slug":"arvikaschweden","status":"publish","type":"page","link":"https:\/\/grimmels.de\/wordpress\/arvikaschweden\/","title":{"rendered":"Arvika\/Schweden"},"content":{"rendered":"<p><a href=\"https:\/\/grimmels.de\/wordpress\/wp-content\/uploads\/2014\/10\/solbergagymnasiet.jpg\"><img decoding=\"async\" class=\"alignnone wp-image-11651 size-full\" src=\"https:\/\/grimmels.de\/wordpress\/wp-content\/uploads\/2014\/10\/solbergagymnasiet.jpg\" alt=\"Das Solberggymnasiet\" width=\"139\" height=\"109\"><\/a>Den Ansto\u00df zur Partnerschaft mit der Solberga Skolan in der mittelschwedischen Kleinstadt Arvika in der Provinz V\u00e4rmland gab das Schulpraktikum eines schwedischen Deutschlehrers am Grimmelshausen-Gymnasium. Aus diesem Kontakt entwickelte sich seit 1973 ein regelm\u00e4\u00dfiger Sch\u00fcleraustausch der beiden Schulen in j\u00e4hrlichem Wechsel, an dem von unserer Seite vorwiegend Sch\u00fclerinnen und Sch\u00fcler der Jahrgangsstufe 11 teilnehmen. Ziel dieses Austausches ist V\u00f6lkerverst\u00e4ndigung und Freundschaft \u00fcber nationale Grenzen hinweg. Die Verst\u00e4ndigungssprachen sind Deutsch und Englisch. Leiter des Austausches sind Herr Dehnen und Frau Heuberger.<\/p>\n<div id='gallery-1' class='gallery galleryid-9619 gallery-columns-3 gallery-size-thumbnail'><figure class='gallery-item'>\n\t\t\t<div class='gallery-icon landscape'>\n\t\t\t\t<a href='https:\/\/grimmels.de\/wordpress\/wp-content\/uploads\/2014\/10\/IMG_2645-e1506954638779.jpg'><img decoding=\"async\" width=\"150\" height=\"113\" src=\"https:\/\/grimmels.de\/wordpress\/wp-content\/uploads\/2014\/10\/IMG_2645-e1506954638779-150x113.jpg\" class=\"attachment-thumbnail size-thumbnail\" alt=\"\" srcset=\"https:\/\/grimmels.de\/wordpress\/wp-content\/uploads\/2014\/10\/IMG_2645-e1506954638779-150x113.jpg 150w, https:\/\/grimmels.de\/wordpress\/wp-content\/uploads\/2014\/10\/IMG_2645-e1506954638779-300x225.jpg 300w, https:\/\/grimmels.de\/wordpress\/wp-content\/uploads\/2014\/10\/IMG_2645-e1506954638779.jpg 640w\" sizes=\"(max-width: 150px) 100vw, 150px\" \/><\/a>\n\t\t\t<\/div><\/figure><figure class='gallery-item'>\n\t\t\t<div class='gallery-icon landscape'>\n\t\t\t\t<a href='https:\/\/grimmels.de\/wordpress\/wp-content\/uploads\/2014\/10\/IMG_2667.jpg'><img decoding=\"async\" width=\"150\" height=\"113\" src=\"https:\/\/grimmels.de\/wordpress\/wp-content\/uploads\/2014\/10\/IMG_2667-150x113.jpg\" class=\"attachment-thumbnail size-thumbnail\" alt=\"\" srcset=\"https:\/\/grimmels.de\/wordpress\/wp-content\/uploads\/2014\/10\/IMG_2667-150x113.jpg 150w, https:\/\/grimmels.de\/wordpress\/wp-content\/uploads\/2014\/10\/IMG_2667-300x225.jpg 300w, https:\/\/grimmels.de\/wordpress\/wp-content\/uploads\/2014\/10\/IMG_2667.jpg 640w\" sizes=\"(max-width: 150px) 100vw, 150px\" \/><\/a>\n\t\t\t<\/div><\/figure><figure class='gallery-item'>\n\t\t\t<div class='gallery-icon portrait'>\n\t\t\t\t<a href='https:\/\/grimmels.de\/wordpress\/wp-content\/uploads\/2014\/10\/IMG_2690-e1506954624491.jpg'><img loading=\"lazy\" decoding=\"async\" width=\"113\" height=\"150\" src=\"https:\/\/grimmels.de\/wordpress\/wp-content\/uploads\/2014\/10\/IMG_2690-e1506954624491-113x150.jpg\" class=\"attachment-thumbnail size-thumbnail\" alt=\"\" srcset=\"https:\/\/grimmels.de\/wordpress\/wp-content\/uploads\/2014\/10\/IMG_2690-e1506954624491-113x150.jpg 113w, https:\/\/grimmels.de\/wordpress\/wp-content\/uploads\/2014\/10\/IMG_2690-e1506954624491-225x300.jpg 225w, https:\/\/grimmels.de\/wordpress\/wp-content\/uploads\/2014\/10\/IMG_2690-e1506954624491.jpg 480w\" sizes=\"(max-width: 113px) 100vw, 113px\" \/><\/a>\n\t\t\t<\/div><\/figure><figure class='gallery-item'>\n\t\t\t<div class='gallery-icon landscape'>\n\t\t\t\t<a href='https:\/\/grimmels.de\/wordpress\/wp-content\/uploads\/2014\/10\/IMG_2764.jpg'><img loading=\"lazy\" decoding=\"async\" width=\"150\" height=\"113\" src=\"https:\/\/grimmels.de\/wordpress\/wp-content\/uploads\/2014\/10\/IMG_2764-150x113.jpg\" class=\"attachment-thumbnail size-thumbnail\" alt=\"\" srcset=\"https:\/\/grimmels.de\/wordpress\/wp-content\/uploads\/2014\/10\/IMG_2764-150x113.jpg 150w, https:\/\/grimmels.de\/wordpress\/wp-content\/uploads\/2014\/10\/IMG_2764-300x225.jpg 300w, https:\/\/grimmels.de\/wordpress\/wp-content\/uploads\/2014\/10\/IMG_2764.jpg 640w\" sizes=\"(max-width: 150px) 100vw, 150px\" \/><\/a>\n\t\t\t<\/div><\/figure><figure class='gallery-item'>\n\t\t\t<div class='gallery-icon landscape'>\n\t\t\t\t<a href='https:\/\/grimmels.de\/wordpress\/wp-content\/uploads\/2014\/10\/IMG_2768.jpg'><img loading=\"lazy\" decoding=\"async\" width=\"150\" height=\"113\" src=\"https:\/\/grimmels.de\/wordpress\/wp-content\/uploads\/2014\/10\/IMG_2768-150x113.jpg\" class=\"attachment-thumbnail size-thumbnail\" alt=\"\" srcset=\"https:\/\/grimmels.de\/wordpress\/wp-content\/uploads\/2014\/10\/IMG_2768-150x113.jpg 150w, https:\/\/grimmels.de\/wordpress\/wp-content\/uploads\/2014\/10\/IMG_2768-300x225.jpg 300w, https:\/\/grimmels.de\/wordpress\/wp-content\/uploads\/2014\/10\/IMG_2768.jpg 640w\" sizes=\"(max-width: 150px) 100vw, 150px\" \/><\/a>\n\t\t\t<\/div><\/figure><figure class='gallery-item'>\n\t\t\t<div class='gallery-icon landscape'>\n\t\t\t\t<a href='https:\/\/grimmels.de\/wordpress\/wp-content\/uploads\/2014\/10\/IMG_2781.jpg'><img loading=\"lazy\" decoding=\"async\" width=\"150\" height=\"113\" src=\"https:\/\/grimmels.de\/wordpress\/wp-content\/uploads\/2014\/10\/IMG_2781-150x113.jpg\" class=\"attachment-thumbnail size-thumbnail\" alt=\"\" srcset=\"https:\/\/grimmels.de\/wordpress\/wp-content\/uploads\/2014\/10\/IMG_2781-150x113.jpg 150w, https:\/\/grimmels.de\/wordpress\/wp-content\/uploads\/2014\/10\/IMG_2781-300x225.jpg 300w, https:\/\/grimmels.de\/wordpress\/wp-content\/uploads\/2014\/10\/IMG_2781.jpg 640w\" sizes=\"(max-width: 150px) 100vw, 150px\" \/><\/a>\n\t\t\t<\/div><\/figure><figure class='gallery-item'>\n\t\t\t<div class='gallery-icon landscape'>\n\t\t\t\t<a href='https:\/\/grimmels.de\/wordpress\/wp-content\/uploads\/2014\/10\/IMG_2790.jpg'><img loading=\"lazy\" decoding=\"async\" width=\"150\" height=\"113\" src=\"https:\/\/grimmels.de\/wordpress\/wp-content\/uploads\/2014\/10\/IMG_2790-150x113.jpg\" class=\"attachment-thumbnail size-thumbnail\" alt=\"\" srcset=\"https:\/\/grimmels.de\/wordpress\/wp-content\/uploads\/2014\/10\/IMG_2790-150x113.jpg 150w, https:\/\/grimmels.de\/wordpress\/wp-content\/uploads\/2014\/10\/IMG_2790-300x225.jpg 300w, https:\/\/grimmels.de\/wordpress\/wp-content\/uploads\/2014\/10\/IMG_2790.jpg 640w\" sizes=\"(max-width: 150px) 100vw, 150px\" \/><\/a>\n\t\t\t<\/div><\/figure><figure class='gallery-item'>\n\t\t\t<div class='gallery-icon landscape'>\n\t\t\t\t<a href='https:\/\/grimmels.de\/wordpress\/wp-content\/uploads\/2014\/10\/IMG_2851.jpg'><img loading=\"lazy\" decoding=\"async\" width=\"150\" height=\"113\" src=\"https:\/\/grimmels.de\/wordpress\/wp-content\/uploads\/2014\/10\/IMG_2851-150x113.jpg\" class=\"attachment-thumbnail size-thumbnail\" alt=\"\" srcset=\"https:\/\/grimmels.de\/wordpress\/wp-content\/uploads\/2014\/10\/IMG_2851-150x113.jpg 150w, https:\/\/grimmels.de\/wordpress\/wp-content\/uploads\/2014\/10\/IMG_2851-300x225.jpg 300w, https:\/\/grimmels.de\/wordpress\/wp-content\/uploads\/2014\/10\/IMG_2851.jpg 640w\" sizes=\"(max-width: 150px) 100vw, 150px\" \/><\/a>\n\t\t\t<\/div><\/figure><figure class='gallery-item'>\n\t\t\t<div class='gallery-icon landscape'>\n\t\t\t\t<a href='https:\/\/grimmels.de\/wordpress\/wp-content\/uploads\/2014\/10\/IMG_2894.jpg'><img loading=\"lazy\" decoding=\"async\" width=\"150\" height=\"113\" src=\"https:\/\/grimmels.de\/wordpress\/wp-content\/uploads\/2014\/10\/IMG_2894-150x113.jpg\" class=\"attachment-thumbnail size-thumbnail\" alt=\"\" srcset=\"https:\/\/grimmels.de\/wordpress\/wp-content\/uploads\/2014\/10\/IMG_2894-150x113.jpg 150w, https:\/\/grimmels.de\/wordpress\/wp-content\/uploads\/2014\/10\/IMG_2894-300x225.jpg 300w, https:\/\/grimmels.de\/wordpress\/wp-content\/uploads\/2014\/10\/IMG_2894.jpg 640w\" sizes=\"(max-width: 150px) 100vw, 150px\" \/><\/a>\n\t\t\t<\/div><\/figure><figure class='gallery-item'>\n\t\t\t<div class='gallery-icon landscape'>\n\t\t\t\t<a href='https:\/\/grimmels.de\/wordpress\/wp-content\/uploads\/2014\/10\/IMG_2944-e1506954612649.jpg'><img loading=\"lazy\" decoding=\"async\" width=\"150\" height=\"113\" src=\"https:\/\/grimmels.de\/wordpress\/wp-content\/uploads\/2014\/10\/IMG_2944-e1506954612649-150x113.jpg\" class=\"attachment-thumbnail size-thumbnail\" alt=\"\" srcset=\"https:\/\/grimmels.de\/wordpress\/wp-content\/uploads\/2014\/10\/IMG_2944-e1506954612649-150x113.jpg 150w, https:\/\/grimmels.de\/wordpress\/wp-content\/uploads\/2014\/10\/IMG_2944-e1506954612649-300x225.jpg 300w, https:\/\/grimmels.de\/wordpress\/wp-content\/uploads\/2014\/10\/IMG_2944-e1506954612649.jpg 640w\" sizes=\"(max-width: 150px) 100vw, 150px\" \/><\/a>\n\t\t\t<\/div><\/figure>\n\t\t<\/div>\n\n<ul>\n<li>zur <a href=\"http:\/\/www.arvika.se\/\" target=\"_blank\" rel=\"noopener\">Website von Arvika<\/a><\/li>\n<li>und einem <a href=\"http:\/\/www.arvika.se\/utbildningochbarnomsorg\/gymnasium\/gymnasieskolorikommunen\/solbergagymnasiet.4.5281e2ca121ca5a72c78000108.html\">Beitrag \u00fcber die Solberga Skolan<\/a><\/li>\n<\/ul>\n<p><strong>Arvika und das Solbergagymnasiet bei google-maps:<\/strong><\/p>\n<p><center><iframe style=\"border: 0;\" src=\"https:\/\/www.google.com\/maps\/embed?pb=!1m18!1m12!1m3!1d2119612.9963450674!2d10.571582684224904!3d58.74792517973495!2m3!1f0!2f0!3f0!3m2!1i1024!2i768!4f13.1!3m3!1m2!1s0x4643127cf51d35d9%3A0xd2d878607d017a8f!2sSolbergagymnasiet!5e0!3m2!1sde!2sde!4v1414226329434\" width=\"600\" height=\"450\" frameborder=\"0\"><\/iframe><\/center><\/p>\n","protected":false},"excerpt":{"rendered":"<p>Den Ansto\u00df zur Partnerschaft mit der Solberga Skolan in der mittelschwedischen Kleinstadt Arvika in der Provinz V\u00e4rmland gab das Schulpraktikum eines schwedischen Deutschlehrers am Grimmelshausen-Gymnasium. Aus diesem Kontakt entwickelte sich seit 1973 ein regelm\u00e4\u00dfiger Sch\u00fcleraustausch der beiden Schulen in j\u00e4hrlichem Wechsel, an dem von unserer Seite vorwiegend Sch\u00fclerinnen und Sch\u00fcler der Jahrgangsstufe 11 teilnehmen. Ziel [&hellip;]<\/p>\n","protected":false},"author":1,"featured_media":0,"parent":0,"menu_order":0,"comment_status":"closed","ping_status":"closed","template":"","meta":{"advgb_blocks_editor_width":"","advgb_blocks_columns_visual_guide":"","ngg_post_thumbnail":0,"footnotes":""},"class_list":["post-9619","page","type-page","status-publish","hentry"],"coauthors":[],"author_meta":{"author_link":"https:\/\/grimmels.de\/wordpress\/author\/webmaster\/","display_name":"webmaster"},"relative_dates":{"created":"Posted 11\u00a0Jahren ago","modified":"Updated 7\u00a0Jahren ago"},"absolute_dates":{"created":"Posted on 22. Oktober 2014","modified":"Updated on 6. November 2018"},"absolute_dates_time":{"created":"Posted on 22. Oktober 2014 13:45","modified":"Updated on 6. November 2018 17:09"},"featured_img_caption":"","featured_img":false,"series_order":"","_links":{"self":[{"href":"https:\/\/grimmels.de\/wordpress\/wp-json\/wp\/v2\/pages\/9619","targetHints":{"allow":["GET"]}}],"collection":[{"href":"https:\/\/grimmels.de\/wordpress\/wp-json\/wp\/v2\/pages"}],"about":[{"href":"https:\/\/grimmels.de\/wordpress\/wp-json\/wp\/v2\/types\/page"}],"author":[{"embeddable":true,"href":"https:\/\/grimmels.de\/wordpress\/wp-json\/wp\/v2\/users\/1"}],"replies":[{"embeddable":true,"href":"https:\/\/grimmels.de\/wordpress\/wp-json\/wp\/v2\/comments?post=9619"}],"version-history":[{"count":3,"href":"https:\/\/grimmels.de\/wordpress\/wp-json\/wp\/v2\/pages\/9619\/revisions"}],"predecessor-version":[{"id":41314,"href":"https:\/\/grimmels.de\/wordpress\/wp-json\/wp\/v2\/pages\/9619\/revisions\/41314"}],"wp:attachment":[{"href":"https:\/\/grimmels.de\/wordpress\/wp-json\/wp\/v2\/media?parent=9619"}],"curies":[{"name":"wp","href":"https:\/\/api.w.org\/{rel}","templated":true}]}}