{"id":9635,"date":"2014-10-22T14:34:35","date_gmt":"2014-10-22T12:34:35","guid":{"rendered":"?page_id=9635"},"modified":"2025-03-12T19:47:02","modified_gmt":"2025-03-12T18:47:02","slug":"stundentafel-2","status":"publish","type":"page","link":"https:\/\/grimmels.de\/wordpress\/stundentafel-2\/","title":{"rendered":"Stundentafel"},"content":{"rendered":"\t\t<div data-elementor-type=\"wp-page\" data-elementor-id=\"9635\" class=\"elementor elementor-9635\" data-elementor-post-type=\"page\">\n\t\t\t\t<div class=\"elementor-element elementor-element-3a3f908 e-flex e-con-boxed e-con e-parent\" data-id=\"3a3f908\" data-element_type=\"container\">\n\t\t\t\t\t<div class=\"e-con-inner\">\n\t\t\t\t<div class=\"elementor-element elementor-element-2300279 elementor-widget elementor-widget-heading\" data-id=\"2300279\" data-element_type=\"widget\" data-widget_type=\"heading.default\">\n\t\t\t\t<div class=\"elementor-widget-container\">\n\t\t\t\t\t<h2 class=\"elementor-heading-title elementor-size-default\">STUNDENTAFEL AB SOMMER 2021<\/h2>\t\t\t\t<\/div>\n\t\t\t\t<\/div>\n\t\t\t\t\t<\/div>\n\t\t\t\t<\/div>\n\t\t<div class=\"elementor-element elementor-element-cb19b49 e-flex e-con-boxed e-con e-parent\" data-id=\"cb19b49\" data-element_type=\"container\">\n\t\t\t\t\t<div class=\"e-con-inner\">\n\t\t\t\t<div class=\"elementor-element elementor-element-99c465f elementor-widget elementor-widget-text-editor\" data-id=\"99c465f\" data-element_type=\"widget\" data-widget_type=\"text-editor.default\">\n\t\t\t\t<div class=\"elementor-widget-container\">\n\t\t\t\t\t\t\t\t\t<p>Ab dem Sommer 2021 wird der Unterricht f\u00fcr die neue Jahrgangsstufe 5 mit einer neuen Stundentafel organisiert. Dasselbe gilt hochwachsend f\u00fcr alle Folgejahrg\u00e4nge. Wesentliche Neuerungen sind:<\/p><ul><li>die Umstellung der <strong>Fremdsprachenfolge<\/strong>:<br \/>Englisch wird einzige erste Fremdsprache. Als zweite Fremdsprache werden Franz\u00f6sisch, Latein und Spanisch ab der Jahrgangsstufe 7 angeboten werden.<\/li><li>das Konzept zum <strong>Wahlunterricht<\/strong>*:<br \/>Es handelt sich um verpflichtenden Wahlunterricht in den Jahrgangsstufen 9 und 10. Dieser soll immer dreist\u00fcndig angeboten werden und der individuellen Schwerpunktsetzung der Sch\u00fclerinnen und Sch\u00fcler dienen.<\/li><li>Erh\u00f6hte Anzahl von <strong>Sportstunden<\/strong>*:<br \/>Sport wird in den Jahrgangsstufen 5 \/ 6 und 7 vierst\u00fcndig eingeplant. Bewegung leistet einen wesentlichen Beitrag zur Entwicklung von Kindern und Jugendlichen.<\/li><li><strong>Medienkunde<\/strong>*:<br \/>Grundlegende Kompetenzen im Umgang mit digitalen Medien umfassen technische, soziale Aspekte aber auch Fragen des Datenschutzes und der kreativen Gestaltung der eigenen Kommunikation. Dies ist ein wichtiger Bestandteil von modernem Lernen, aber auch des heutigen Alltags.<\/li><li><strong>Klassenleitungsstunde<\/strong>*:<br \/>Diese ist durch das Hessische Kultusministerium ausschlie\u00dflich f\u00fcr die Jahrgangsstufe 5 vorgesehen. Die p\u00e4dagogische Begleitung unserer Sch\u00fclerinnen und Sch\u00fcler ist uns aber so wichtig, das wir in der Jahrgangsstufe 6 eine weitere Stunde hierf\u00fcr einplanen. Es ergeben sich Ankn\u00fcpfungspunkte mit unserem Projekt zu Lions Quest.<\/li><\/ul>\t\t\t\t\t\t\t\t<\/div>\n\t\t\t\t<\/div>\n\t\t\t\t\t<\/div>\n\t\t\t\t<\/div>\n\t\t<div class=\"elementor-element elementor-element-50f9a9c e-flex e-con-boxed e-con e-parent\" data-id=\"50f9a9c\" data-element_type=\"container\">\n\t\t\t\t\t<div class=\"e-con-inner\">\n\t\t\t\t<div class=\"elementor-element elementor-element-6860650 elementor-widget elementor-widget-text-editor\" data-id=\"6860650\" data-element_type=\"widget\" data-widget_type=\"text-editor.default\">\n\t\t\t\t<div class=\"elementor-widget-container\">\n\t\t\t\t\t\t\t\t\t<table class=\"aligncenter\" border=\"1\"><tbody><tr><td style=\"background-color: #f5f0f0;\" width=\"268\"><strong>Fach \/ Jahrgang<\/strong><\/td><td style=\"background-color: #f5f0fa;\" width=\"80\"><strong>5<\/strong><\/td><td style=\"background-color: #f5f0fa;\" width=\"80\"><strong>6<\/strong><\/td><td style=\"background-color: #f5f0fa;\" width=\"80\"><strong>7<\/strong><\/td><td style=\"background-color: #f5f0fa;\" width=\"80\"><strong>8<\/strong><\/td><td style=\"background-color: #f5f0fa;\" width=\"87\"><strong>9<\/strong><\/td><td style=\"background-color: #f5f0fa;\" width=\"87\"><strong>10<\/strong><\/td><td style=\"background-color: #f5f0fa;\" width=\"80\"><strong>Summe<\/strong><\/td><\/tr><tr><td style=\"background-color: #f5f0f0;\" width=\"268\">Deutsch<\/td><td width=\"80\">5<\/td><td width=\"80\">5<\/td><td width=\"80\">4<\/td><td width=\"80\">4<\/td><td width=\"87\">3<\/td><td width=\"87\">4<\/td><td width=\"80\">25<\/td><\/tr><tr><td style=\"background-color: #f5f0f0;\" width=\"268\">1. Fremdsprache Englisch<\/td><td width=\"80\">5<\/td><td width=\"80\">5<\/td><td width=\"80\">4<\/td><td width=\"80\">4<\/td><td width=\"87\">3<\/td><td width=\"87\">3<\/td><td width=\"80\">24<\/td><\/tr><tr><td style=\"background-color: #f5f0f0;\" width=\"268\">2. Fremdsprache Spanisch \/ Franz\u00f6sisch \/ Latein<\/td><td width=\"80\">0<\/td><td width=\"80\">0<\/td><td width=\"80\">4<\/td><td width=\"80\">4<\/td><td width=\"87\">4<\/td><td width=\"87\">3<\/td><td width=\"80\">15<\/td><\/tr><tr><td style=\"background-color: #f5f0f0;\" width=\"268\">Wahluntericht; zum Beispiel 3. Fremdsprache<\/td><td width=\"80\">0<\/td><td width=\"80\">0<\/td><td width=\"80\">0<\/td><td width=\"80\">0<\/td><td width=\"87\">3*<\/td><td width=\"87\">3*<\/td><td width=\"80\">6<\/td><\/tr><tr><td style=\"background-color: #f5f0f0;\" width=\"268\">Kunst<\/td><td width=\"80\">2<\/td><td width=\"80\">2<\/td><td width=\"80\">2<\/td><td width=\"80\">0<\/td><td width=\"87\">1<\/td><td width=\"87\">1<\/td><td width=\"80\">8<\/td><\/tr><tr><td style=\"background-color: #f5f0f0;\" width=\"268\">Musik<\/td><td width=\"80\">2<\/td><td width=\"80\">2<\/td><td width=\"80\">0<\/td><td width=\"80\">2<\/td><td width=\"87\">1<\/td><td width=\"87\">1<\/td><td width=\"80\">8<\/td><\/tr><tr><td style=\"background-color: #f5f0f0;\" width=\"268\">Politik und Wirtschaft<\/td><td width=\"80\">0<\/td><td width=\"80\">1<\/td><td width=\"80\">1<\/td><td width=\"80\">1<\/td><td width=\"87\">2<\/td><td width=\"87\">2<\/td><td width=\"80\">7<\/td><\/tr><tr><td style=\"background-color: #f5f0f0;\" width=\"268\">Geschichte<\/td><td width=\"80\">0<\/td><td width=\"80\">1<\/td><td width=\"80\">1<\/td><td width=\"80\">2<\/td><td width=\"87\">2<\/td><td width=\"87\">2<\/td><td width=\"80\">8<\/td><\/tr><tr><td style=\"background-color: #f5f0f0;\" width=\"268\">Geographie<\/td><td width=\"80\">2<\/td><td width=\"80\">2<\/td><td width=\"80\">1<\/td><td width=\"80\">0<\/td><td width=\"87\">0<\/td><td width=\"87\">1<\/td><td width=\"80\">6<\/td><\/tr><tr><td style=\"background-color: #f5f0f0;\" width=\"268\">Religion \/ Ethik<\/td><td width=\"80\">2<\/td><td width=\"80\">2<\/td><td width=\"80\">2<\/td><td width=\"80\">2<\/td><td width=\"87\">2<\/td><td width=\"87\">2<\/td><td width=\"80\">12<\/td><\/tr><tr><td style=\"background-color: #f5f0f0;\" width=\"268\">Mathematik<\/td><td width=\"80\">4<\/td><td width=\"80\">4<\/td><td width=\"80\">4<\/td><td width=\"80\">4<\/td><td width=\"87\">4<\/td><td width=\"87\">4<\/td><td width=\"80\">24<\/td><\/tr><tr><td style=\"background-color: #f5f0f0;\" width=\"268\">Physik<\/td><td width=\"80\">0<\/td><td width=\"80\">0<\/td><td width=\"80\">2<\/td><td width=\"80\">2<\/td><td width=\"87\">1<\/td><td width=\"87\">2<\/td><td width=\"80\">7<\/td><\/tr><tr><td style=\"background-color: #f5f0f0;\" width=\"268\">Chemie<\/td><td width=\"80\">0<\/td><td width=\"80\">0<\/td><td width=\"80\">0<\/td><td width=\"80\">2<\/td><td width=\"87\">2<\/td><td width=\"87\">2<\/td><td width=\"80\">6<\/td><\/tr><tr><td style=\"background-color: #f5f0f0;\" width=\"268\">Biologie<\/td><td width=\"80\">2<\/td><td width=\"80\">2<\/td><td width=\"80\">2<\/td><td width=\"80\">0<\/td><td width=\"87\">2<\/td><td width=\"87\">0<\/td><td width=\"80\">8<\/td><\/tr><tr><td style=\"background-color: #f5f0f0;\" width=\"268\">Medienkunde<\/td><td width=\"80\">1*<\/td><td width=\"80\">1*<\/td><td width=\"80\">1*<\/td><td width=\"80\">1*<\/td><td width=\"87\">0<\/td><td width=\"87\">0<\/td><td width=\"80\">4<\/td><\/tr><tr><td style=\"background-color: #f5f0f0;\" width=\"268\">Sport<\/td><td width=\"80\">4<\/td><td width=\"80\">4*<\/td><td width=\"80\">4<\/td><td width=\"80\">2<\/td><td width=\"87\">2<\/td><td width=\"87\">2<\/td><td width=\"80\">16<\/td><\/tr><tr><td style=\"background-color: #f5f0f0;\" width=\"268\">Klassenleitungsstunde<\/td><td width=\"80\">1<\/td><td width=\"80\">1*<\/td><td width=\"80\">0<\/td><td width=\"80\">0<\/td><td width=\"87\">0<\/td><td width=\"87\">0<\/td><td width=\"80\">2<\/td><\/tr><tr><td style=\"background-color: #f5f0f0;\" width=\"268\">Summe<\/td><td width=\"80\">30<\/td><td width=\"80\">32<\/td><td width=\"80\">32<\/td><td width=\"80\">30<\/td><td width=\"87\">32<\/td><td width=\"87\">32<\/td><td>\u00a0<\/td><\/tr><\/tbody><\/table><p style=\"text-align: center;\">\u00a0<\/p>\t\t\t\t\t\t\t\t<\/div>\n\t\t\t\t<\/div>\n\t\t\t\t\t<\/div>\n\t\t\t\t<\/div>\n\t\t<div class=\"elementor-element elementor-element-a412159 e-flex e-con-boxed e-con e-parent\" data-id=\"a412159\" data-element_type=\"container\">\n\t\t\t\t\t<div class=\"e-con-inner\">\n\t\t\t\t<div class=\"elementor-element elementor-element-f436dcd elementor-widget elementor-widget-text-editor\" data-id=\"f436dcd\" data-element_type=\"widget\" data-widget_type=\"text-editor.default\">\n\t\t\t\t<div class=\"elementor-widget-container\">\n\t\t\t\t\t\t\t\t\t<p>* Alle mit Sternchen markierten Angebote sind abh\u00e4ngig davon, dass das Grimmelshausen-Gymnasium die notwendigen Ressourcen erh\u00e4lt. Im Fr\u00fchjahr 2021 zeigt die Prognose, dass wir alle in der neuen Stundentafel pr\u00e4sentierten Angebote auch langfristig einrichten k\u00f6nnen.<\/p>\t\t\t\t\t\t\t\t<\/div>\n\t\t\t\t<\/div>\n\t\t\t\t\t<\/div>\n\t\t\t\t<\/div>\n\t\t\t\t<\/div>\n\t\t","protected":false},"excerpt":{"rendered":"<p>STUNDENTAFEL AB SOMMER 2021 Ab dem Sommer 2021 wird der Unterricht f\u00fcr die neue Jahrgangsstufe 5 mit einer neuen Stundentafel organisiert. Dasselbe gilt hochwachsend f\u00fcr alle Folgejahrg\u00e4nge. Wesentliche Neuerungen sind: die Umstellung der Fremdsprachenfolge:Englisch wird einzige erste Fremdsprache. Als zweite Fremdsprache werden Franz\u00f6sisch, Latein und Spanisch ab der Jahrgangsstufe 7 angeboten werden. das Konzept zum [&hellip;]<\/p>\n","protected":false},"author":1,"featured_media":0,"parent":0,"menu_order":0,"comment_status":"closed","ping_status":"closed","template":"","meta":{"advgb_blocks_editor_width":"","advgb_blocks_columns_visual_guide":"","ngg_post_thumbnail":0,"footnotes":""},"class_list":["post-9635","page","type-page","status-publish","hentry"],"coauthors":[],"author_meta":{"author_link":"https:\/\/grimmels.de\/wordpress\/author\/webmaster\/","display_name":"webmaster"},"relative_dates":{"created":"Posted 11\u00a0Jahren ago","modified":"Updated 1\u00a0Jahr ago"},"absolute_dates":{"created":"Posted on 22. Oktober 2014","modified":"Updated on 12. M\u00e4rz 2025"},"absolute_dates_time":{"created":"Posted on 22. Oktober 2014 14:34","modified":"Updated on 12. M\u00e4rz 2025 19:47"},"featured_img_caption":"","featured_img":false,"series_order":"","_links":{"self":[{"href":"https:\/\/grimmels.de\/wordpress\/wp-json\/wp\/v2\/pages\/9635","targetHints":{"allow":["GET"]}}],"collection":[{"href":"https:\/\/grimmels.de\/wordpress\/wp-json\/wp\/v2\/pages"}],"about":[{"href":"https:\/\/grimmels.de\/wordpress\/wp-json\/wp\/v2\/types\/page"}],"author":[{"embeddable":true,"href":"https:\/\/grimmels.de\/wordpress\/wp-json\/wp\/v2\/users\/1"}],"replies":[{"embeddable":true,"href":"https:\/\/grimmels.de\/wordpress\/wp-json\/wp\/v2\/comments?post=9635"}],"version-history":[{"count":19,"href":"https:\/\/grimmels.de\/wordpress\/wp-json\/wp\/v2\/pages\/9635\/revisions"}],"predecessor-version":[{"id":63157,"href":"https:\/\/grimmels.de\/wordpress\/wp-json\/wp\/v2\/pages\/9635\/revisions\/63157"}],"wp:attachment":[{"href":"https:\/\/grimmels.de\/wordpress\/wp-json\/wp\/v2\/media?parent=9635"}],"curies":[{"name":"wp","href":"https:\/\/api.w.org\/{rel}","templated":true}]}}