{"id":9717,"date":"2014-10-27T17:47:56","date_gmt":"2014-10-27T16:47:56","guid":{"rendered":"?page_id=9717"},"modified":"2025-02-25T16:39:42","modified_gmt":"2025-02-25T15:39:42","slug":"cambridge-certificate","status":"publish","type":"page","link":"https:\/\/grimmels.de\/wordpress\/cambridge-certificate\/","title":{"rendered":"Cambridge Certificate"},"content":{"rendered":"\t\t<div data-elementor-type=\"wp-page\" data-elementor-id=\"9717\" class=\"elementor elementor-9717\" data-elementor-post-type=\"page\">\n\t\t\t\t<div class=\"elementor-element elementor-element-6671b85 e-flex e-con-boxed e-con e-parent\" data-id=\"6671b85\" data-element_type=\"container\">\n\t\t\t\t\t<div class=\"e-con-inner\">\n\t\t\t\t<div class=\"elementor-element elementor-element-dfad15c elementor-widget__width-initial elementor-widget elementor-widget-heading\" data-id=\"dfad15c\" data-element_type=\"widget\" data-widget_type=\"heading.default\">\n\t\t\t\t<div class=\"elementor-widget-container\">\n\t\t\t\t\t<h2 class=\"elementor-heading-title elementor-size-default\">Cambridge English am Grimmels<\/h2>\t\t\t\t<\/div>\n\t\t\t\t<\/div>\n\t\t\t\t\t<\/div>\n\t\t\t\t<\/div>\n\t\t<div class=\"elementor-element elementor-element-37a6daf e-flex e-con-boxed e-con e-parent\" data-id=\"37a6daf\" data-element_type=\"container\">\n\t\t\t\t\t<div class=\"e-con-inner\">\n\t\t\t\t<div class=\"elementor-element elementor-element-7d3a3d1 elementor-widget elementor-widget-text-editor\" data-id=\"7d3a3d1\" data-element_type=\"widget\" data-widget_type=\"text-editor.default\">\n\t\t\t\t<div class=\"elementor-widget-container\">\n\t\t\t\t\t\t\t\t\t<p style=\"font-weight: 400;\">Bereits seit dem Schuljahr 2005\/2006 bereitet das Grimmels Sch\u00fclerinnen und Sch\u00fclern durch zus\u00e4tzlichen Unterricht auf die international anerkannten Pr\u00fcfungen der University of Cambridge vor.<\/p><p style=\"font-weight: 400;\">Auch im Schuljahr 2025\/2026 wird wieder ein zweist\u00fcndiger Kurs <strong><em>\u201eCambridge English: Advanced\u201c<\/em><\/strong> in der E-Phase f\u00fcr die Jahrgangsstufe 11 angeboten.<\/p><p style=\"font-weight: 400;\">Dieser Kurs befindet sich auf der Stufe C1 des Europ\u00e4ischen Referenzrahmens und wird als Eignungsnachweis an vielen europ\u00e4ischen und au\u00dfereurop\u00e4ischen Universit\u00e4ten anerkannt. Mittlerweile sch\u00e4tzen auch Arbeitgeber in den unterschiedlichsten Branchen diese Zusatzqualifikation, da sie nicht nur die Sprachkompetenz unterstreicht, sondern auch zeigt, dass man gewillt war, innerhalb der schulischen Ausbildung noch eine weitere Herausforderung auf sich zu nehmen.<\/p><p style=\"font-weight: 400;\">Im Vorbereitungskurs geht es nat\u00fcrlich darum, die eigenen Englischkenntnisse weiter zu verbessern, aber vor allem kommt es darauf an, sich mit dem Testformat vertraut zu machen. Eine aktive Mitarbeit der Teilnehmenden am Unterrichtsgeschehen wird dabei vorausgesetzt, auch dass ein Teil der Arbeit in h\u00e4uslicher Vorbereitung in Form von Hausaufgaben erledigt werden muss. Der Unterricht selbst unterscheidet sich insofern vom regul\u00e4ren Englischunterricht, als dass nicht der klassische Sprach- und Grammatikunterricht oder die eher akademisch-literarische Sprache, die f\u00fcr die Textanalyse gebraucht wird, im Vordergrund stehen, sondern der Schwerpunkt auf der Anwendung des Englischen im allt\u00e4glichen Gebrauch liegt. Im <em>Advanced<\/em> wird dabei auch der Wortschatz aus der Arbeitswelt verlangt, wenn z. B. ein Bewerbungsschreiben verfasst werden muss.<\/p><p style=\"font-weight: 400;\">Die Cambridge English-Pr\u00fcfungen bestehen aus 4 Teilen: <em>Reading and Use of English, Writing, Listening &amp; Speaking<\/em>, welche sich jeweils aus sehr unterschiedlichen Aufgabentypen zusammensetzen. Um erfolgreich abzuschlie\u00dfen, m\u00fcssen insgesamt mindestens 60% der Pr\u00fcfungsaufgaben richtig beantwortet sein. Die Teilnahme an der Pr\u00fcfung ist freiwillig.<\/p><p style=\"font-weight: 400;\">Das im Unterricht verwendete Lehrwerk wird von den Teilnehmenden selbst bezahlt, es kostet ca. \u20ac 35,- und auch die Kosten f\u00fcr die Pr\u00fcfung, die bei ca.\u00a0 \u20ac 280,- liegen, m\u00fcssen individuell \u00fcbernommen werden. Die Pr\u00fcfungen k\u00f6nnen nur in einem von der University of Cambridge akkreditierten Pr\u00fcfungszentrum mit entsprechend ausgebildeten Pr\u00fcferinnen und Pr\u00fcfern abgenommen werden. Unsere Gruppen legen die Pr\u00fcfungen in Kooperation mit dem Bildungszentrum Provadis\u00a0an einem Termin vor den Sommerferien bei Provadis in Frankfurt-H\u00f6chst oder in einem anderen Pr\u00fcfungszentrum ab.<\/p><p style=\"font-weight: 400;\">Bislang haben weit mehr als 250 Sch\u00fclerinnen und Sch\u00fcler des Grimmels gut vorbereitet erfolgreich die Pr\u00fcfungen der University of Cambridge abgelegt.<\/p><p style=\"font-weight: 400;\">Weitere Informationen zu den Pr\u00fcfungen der University of Cambridge finden sich unter <a href=\"http:\/\/www.cambridge-hessen.de\/\">www.cambridge-hessen.de<\/a> oder <a href=\"http:\/\/www.cambridgeenglish.org\/\">www.cambridgeenglish.org<\/a>.<\/p>\t\t\t\t\t\t\t\t<\/div>\n\t\t\t\t<\/div>\n\t\t\t\t\t<\/div>\n\t\t\t\t<\/div>\n\t\t<div class=\"elementor-element elementor-element-5a175e8 e-flex e-con-boxed e-con e-parent\" data-id=\"5a175e8\" data-element_type=\"container\">\n\t\t\t\t\t<div class=\"e-con-inner\">\n\t\t\t\t<div class=\"elementor-element elementor-element-459ef3f elementor-widget elementor-widget-gallery\" data-id=\"459ef3f\" data-element_type=\"widget\" data-settings=\"{&quot;columns&quot;:6,&quot;lazyload&quot;:&quot;yes&quot;,&quot;gallery_layout&quot;:&quot;grid&quot;,&quot;columns_tablet&quot;:2,&quot;columns_mobile&quot;:1,&quot;gap&quot;:{&quot;unit&quot;:&quot;px&quot;,&quot;size&quot;:10,&quot;sizes&quot;:[]},&quot;gap_tablet&quot;:{&quot;unit&quot;:&quot;px&quot;,&quot;size&quot;:10,&quot;sizes&quot;:[]},&quot;gap_mobile&quot;:{&quot;unit&quot;:&quot;px&quot;,&quot;size&quot;:10,&quot;sizes&quot;:[]},&quot;link_to&quot;:&quot;file&quot;,&quot;aspect_ratio&quot;:&quot;3:2&quot;,&quot;overlay_background&quot;:&quot;yes&quot;,&quot;content_hover_animation&quot;:&quot;fade-in&quot;}\" data-widget_type=\"gallery.default\">\n\t\t\t\t<div class=\"elementor-widget-container\">\n\t\t\t\t\t\t\t<div class=\"elementor-gallery__container\">\n\t\t\t\t\t\t\t<a class=\"e-gallery-item elementor-gallery-item elementor-animated-content\" href=\"https:\/\/grimmels.de\/wordpress\/wp-content\/uploads\/2022\/11\/cambridge22.jpg\" data-elementor-open-lightbox=\"yes\" data-elementor-lightbox-slideshow=\"459ef3f\" data-elementor-lightbox-title=\"cambridge22\" data-e-action-hash=\"#elementor-action%3Aaction%3Dlightbox%26settings%3DeyJpZCI6NTMzODEsInVybCI6Imh0dHBzOlwvXC9ncmltbWVscy5kZVwvd29yZHByZXNzXC93cC1jb250ZW50XC91cGxvYWRzXC8yMDIyXC8xMVwvY2FtYnJpZGdlMjIuanBnIiwic2xpZGVzaG93IjoiNDU5ZWYzZiJ9\">\n\t\t\t\t\t<div class=\"e-gallery-image elementor-gallery-item__image\" data-thumbnail=\"https:\/\/grimmels.de\/wordpress\/wp-content\/uploads\/2022\/11\/cambridge22-1024x447.jpg\" data-width=\"800\" data-height=\"349\" aria-label=\"\" role=\"img\" ><\/div>\n\t\t\t\t\t\t\t\t\t\t\t<div class=\"elementor-gallery-item__overlay\"><\/div>\n\t\t\t\t\t\t\t\t\t\t\t\t\t\t<\/a>\n\t\t\t\t\t\t\t<a class=\"e-gallery-item elementor-gallery-item elementor-animated-content\" href=\"https:\/\/grimmels.de\/wordpress\/wp-content\/uploads\/2021\/11\/cambridge21.jpg\" data-elementor-open-lightbox=\"yes\" data-elementor-lightbox-slideshow=\"459ef3f\" data-elementor-lightbox-title=\"cambridge21\" data-e-action-hash=\"#elementor-action%3Aaction%3Dlightbox%26settings%3DeyJpZCI6NDg1MDMsInVybCI6Imh0dHBzOlwvXC9ncmltbWVscy5kZVwvd29yZHByZXNzXC93cC1jb250ZW50XC91cGxvYWRzXC8yMDIxXC8xMVwvY2FtYnJpZGdlMjEuanBnIiwic2xpZGVzaG93IjoiNDU5ZWYzZiJ9\">\n\t\t\t\t\t<div class=\"e-gallery-image elementor-gallery-item__image\" data-thumbnail=\"https:\/\/grimmels.de\/wordpress\/wp-content\/uploads\/2021\/11\/cambridge21.jpg\" data-width=\"800\" data-height=\"573\" aria-label=\"\" role=\"img\" ><\/div>\n\t\t\t\t\t\t\t\t\t\t\t<div class=\"elementor-gallery-item__overlay\"><\/div>\n\t\t\t\t\t\t\t\t\t\t\t\t\t\t<\/a>\n\t\t\t\t\t\t\t<a class=\"e-gallery-item elementor-gallery-item elementor-animated-content\" href=\"https:\/\/grimmels.de\/wordpress\/wp-content\/uploads\/2017\/09\/cambridge2017.jpg\" data-elementor-open-lightbox=\"yes\" data-elementor-lightbox-slideshow=\"459ef3f\" data-e-action-hash=\"#elementor-action%3Aaction%3Dlightbox%26settings%3DeyJpZCI6MzU2MjYsInVybCI6Imh0dHBzOlwvXC9ncmltbWVscy5kZVwvd29yZHByZXNzXC93cC1jb250ZW50XC91cGxvYWRzXC8yMDE3XC8wOVwvY2FtYnJpZGdlMjAxNy5qcGciLCJzbGlkZXNob3ciOiI0NTllZjNmIn0%3D\">\n\t\t\t\t\t<div class=\"e-gallery-image elementor-gallery-item__image\" data-thumbnail=\"https:\/\/grimmels.de\/wordpress\/wp-content\/uploads\/2017\/09\/cambridge2017-1024x576.jpg\" data-width=\"800\" data-height=\"450\" aria-label=\"\" role=\"img\" ><\/div>\n\t\t\t\t\t\t\t\t\t\t\t<div class=\"elementor-gallery-item__overlay\"><\/div>\n\t\t\t\t\t\t\t\t\t\t\t\t\t\t<\/a>\n\t\t\t\t\t\t\t<a class=\"e-gallery-item elementor-gallery-item elementor-animated-content\" href=\"https:\/\/grimmels.de\/wordpress\/wp-content\/uploads\/2016\/09\/cambridge2016.jpg\" data-elementor-open-lightbox=\"yes\" data-elementor-lightbox-slideshow=\"459ef3f\" data-elementor-lightbox-title=\"cambridge2016\" data-e-action-hash=\"#elementor-action%3Aaction%3Dlightbox%26settings%3DeyJpZCI6MzE5ODQsInVybCI6Imh0dHBzOlwvXC9ncmltbWVscy5kZVwvd29yZHByZXNzXC93cC1jb250ZW50XC91cGxvYWRzXC8yMDE2XC8wOVwvY2FtYnJpZGdlMjAxNi5qcGciLCJzbGlkZXNob3ciOiI0NTllZjNmIn0%3D\">\n\t\t\t\t\t<div class=\"e-gallery-image elementor-gallery-item__image\" data-thumbnail=\"https:\/\/grimmels.de\/wordpress\/wp-content\/uploads\/2016\/09\/cambridge2016.jpg\" data-width=\"800\" data-height=\"473\" aria-label=\"\" role=\"img\" ><\/div>\n\t\t\t\t\t\t\t\t\t\t\t<div class=\"elementor-gallery-item__overlay\"><\/div>\n\t\t\t\t\t\t\t\t\t\t\t\t\t\t<\/a>\n\t\t\t\t\t\t\t<a class=\"e-gallery-item elementor-gallery-item elementor-animated-content\" href=\"https:\/\/grimmels.de\/wordpress\/wp-content\/uploads\/2015\/09\/cambridge2015.jpg\" data-elementor-open-lightbox=\"yes\" data-elementor-lightbox-slideshow=\"459ef3f\" data-elementor-lightbox-title=\"cambridge2015\" data-e-action-hash=\"#elementor-action%3Aaction%3Dlightbox%26settings%3DeyJpZCI6Mjc1OTgsInVybCI6Imh0dHBzOlwvXC9ncmltbWVscy5kZVwvd29yZHByZXNzXC93cC1jb250ZW50XC91cGxvYWRzXC8yMDE1XC8wOVwvY2FtYnJpZGdlMjAxNS5qcGciLCJzbGlkZXNob3ciOiI0NTllZjNmIn0%3D\">\n\t\t\t\t\t<div class=\"e-gallery-image elementor-gallery-item__image\" data-thumbnail=\"https:\/\/grimmels.de\/wordpress\/wp-content\/uploads\/2015\/09\/cambridge2015.jpg\" data-width=\"800\" data-height=\"600\" aria-label=\"\" role=\"img\" ><\/div>\n\t\t\t\t\t\t\t\t\t\t\t<div class=\"elementor-gallery-item__overlay\"><\/div>\n\t\t\t\t\t\t\t\t\t\t\t\t\t\t<\/a>\n\t\t\t\t\t<\/div>\n\t\t\t\t\t<\/div>\n\t\t\t\t<\/div>\n\t\t\t\t\t<\/div>\n\t\t\t\t<\/div>\n\t\t\t\t<\/div>\n\t\t","protected":false},"excerpt":{"rendered":"<p>Cambridge English am Grimmels Bereits seit dem Schuljahr 2005\/2006 bereitet das Grimmels Sch\u00fclerinnen und Sch\u00fclern durch zus\u00e4tzlichen Unterricht auf die international anerkannten Pr\u00fcfungen der University of Cambridge vor. Auch im Schuljahr 2025\/2026 wird wieder ein zweist\u00fcndiger Kurs \u201eCambridge English: Advanced\u201c in der E-Phase f\u00fcr die Jahrgangsstufe 11 angeboten. Dieser Kurs befindet sich auf der Stufe [&hellip;]<\/p>\n","protected":false},"author":1,"featured_media":0,"parent":0,"menu_order":0,"comment_status":"closed","ping_status":"closed","template":"","meta":{"advgb_blocks_editor_width":"","advgb_blocks_columns_visual_guide":"","ngg_post_thumbnail":0,"footnotes":""},"class_list":["post-9717","page","type-page","status-publish","hentry"],"coauthors":[],"author_meta":{"author_link":"https:\/\/grimmels.de\/wordpress\/author\/webmaster\/","display_name":"webmaster"},"relative_dates":{"created":"Posted 12\u00a0Jahren ago","modified":"Updated 1\u00a0Jahr ago"},"absolute_dates":{"created":"Posted on 27. Oktober 2014","modified":"Updated on 25. Februar 2025"},"absolute_dates_time":{"created":"Posted on 27. Oktober 2014 17:47","modified":"Updated on 25. Februar 2025 16:39"},"featured_img_caption":"","featured_img":false,"series_order":"","_links":{"self":[{"href":"https:\/\/grimmels.de\/wordpress\/wp-json\/wp\/v2\/pages\/9717","targetHints":{"allow":["GET"]}}],"collection":[{"href":"https:\/\/grimmels.de\/wordpress\/wp-json\/wp\/v2\/pages"}],"about":[{"href":"https:\/\/grimmels.de\/wordpress\/wp-json\/wp\/v2\/types\/page"}],"author":[{"embeddable":true,"href":"https:\/\/grimmels.de\/wordpress\/wp-json\/wp\/v2\/users\/1"}],"replies":[{"embeddable":true,"href":"https:\/\/grimmels.de\/wordpress\/wp-json\/wp\/v2\/comments?post=9717"}],"version-history":[{"count":10,"href":"https:\/\/grimmels.de\/wordpress\/wp-json\/wp\/v2\/pages\/9717\/revisions"}],"predecessor-version":[{"id":62618,"href":"https:\/\/grimmels.de\/wordpress\/wp-json\/wp\/v2\/pages\/9717\/revisions\/62618"}],"wp:attachment":[{"href":"https:\/\/grimmels.de\/wordpress\/wp-json\/wp\/v2\/media?parent=9717"}],"curies":[{"name":"wp","href":"https:\/\/api.w.org\/{rel}","templated":true}]}}