{"id":977,"date":"2014-10-02T17:44:31","date_gmt":"2014-10-02T15:44:31","guid":{"rendered":"?page_id=977"},"modified":"2022-09-14T12:13:24","modified_gmt":"2022-09-14T10:13:24","slug":"musik-am-ggg","status":"publish","type":"page","link":"https:\/\/grimmels.de\/wordpress\/musik-am-ggg\/","title":{"rendered":"Musik"},"content":{"rendered":"<table style=\"width: 95%;\" border=\"0\">\n<tbody>\n<tr>\n<td style=\"vertical-align: top;\">Musik fasziniert und begleitet uns unser ganzes Leben. Wir, die Lehrerinnen und Lehrer des Fachbereichs Musik, m\u00f6chten gemeinsam mit euch Musik h\u00f6ren und gestalten und euch dabei helfen, eure musikalischen Ausdrucksf\u00e4higkeiten zu entwickeln. Dabei vermitteln wir euch die dazu n\u00f6tigen musikalisch-fachlichen Grundkenntnisse und die F\u00e4higkeit, Musik kritisch zu hinterfragen und zu beurteilen.<\/td>\n<td><img fetchpriority=\"high\" decoding=\"async\" class=\"alignleft wp-image-37677 size-medium\" src=\"https:\/\/grimmels.de\/wordpress\/wp-content\/uploads\/2018\/05\/musik1-300x200.jpg\" alt=\"\" width=\"300\" height=\"200\" srcset=\"https:\/\/grimmels.de\/wordpress\/wp-content\/uploads\/2018\/05\/musik1-300x200.jpg 300w, https:\/\/grimmels.de\/wordpress\/wp-content\/uploads\/2018\/05\/musik1-150x100.jpg 150w, https:\/\/grimmels.de\/wordpress\/wp-content\/uploads\/2018\/05\/musik1.jpg 572w\" sizes=\"(max-width: 300px) 100vw, 300px\" \/><\/td>\n<\/tr>\n<tr>\n<td><img decoding=\"async\" class=\"alignleft wp-image-37678 size-medium\" src=\"https:\/\/grimmels.de\/wordpress\/wp-content\/uploads\/2018\/05\/musik2-300x199.jpg\" alt=\"\" width=\"300\" height=\"199\" srcset=\"https:\/\/grimmels.de\/wordpress\/wp-content\/uploads\/2018\/05\/musik2-300x199.jpg 300w, https:\/\/grimmels.de\/wordpress\/wp-content\/uploads\/2018\/05\/musik2-150x99.jpg 150w, https:\/\/grimmels.de\/wordpress\/wp-content\/uploads\/2018\/05\/musik2.jpg 490w\" sizes=\"(max-width: 300px) 100vw, 300px\" \/><\/td>\n<td style=\"vertical-align: top;\">Der Musikunterricht findet in der 5., 6., 8., 9. und 10. Klasse statt. Unsere Themen sind hier unter anderem: Alltagswelt Musik, Begegnungen mit Komponisten, Lieder und T\u00e4nze aus verschiedenen L\u00e4ndern, Geschichten-Bilder-Musik, Songs in Rock und Pop, Musiktheater, Musik und Medien.&nbsp;<\/td>\n<\/tr>\n<\/tbody>\n<\/table>\n<p>In der Oberstufe gibt es die M\u00f6glichkeit, einen Grundkurs mit zwei oder einen Leistungskurs mit f\u00fcnf Wochenstunden zu belegen. Dabei sind folgende Themenschwerpunkte vorgesehen:<\/p>\n<table style=\"width: 95%;\">\n<tbody>\n<tr>\n<td style=\"vertical-align: top;\">\n<ul>\n<li>Musikalische Formen<\/li>\n<li>Musik im Umfeld der K\u00fcnste<\/li>\n<li>Musik in geschichtlichen und gesellschaftlichen Bez\u00fcgen<\/li>\n<li>Musik erleben &#8211; Musik verstehen.<\/li>\n<\/ul>\n<\/td>\n<td><img decoding=\"async\" class=\"alignleft wp-image-37679 size-medium\" src=\"https:\/\/grimmels.de\/wordpress\/wp-content\/uploads\/2018\/05\/musik3-300x200.jpg\" alt=\"\" width=\"300\" height=\"200\" srcset=\"https:\/\/grimmels.de\/wordpress\/wp-content\/uploads\/2018\/05\/musik3-300x200.jpg 300w, https:\/\/grimmels.de\/wordpress\/wp-content\/uploads\/2018\/05\/musik3-150x100.jpg 150w, https:\/\/grimmels.de\/wordpress\/wp-content\/uploads\/2018\/05\/musik3.jpg 584w\" sizes=\"(max-width: 300px) 100vw, 300px\" \/><\/td>\n<\/tr>\n<\/tbody>\n<\/table>\n<p>Im Fach Musik erwarten euch au\u00dferdem\u2026<\/p>\n<ul>\n<li>vielf\u00e4ltige Methoden: gemeinsames Musizieren in kleinen und gro\u00dfen Gruppen, Singen, Musik h\u00f6ren und beschreiben, erarbeiten von Pr\u00e4sentationen und Referaten, Planen und Durchf\u00fchren von Konzerten (Sommer- und Weihnachtskonzert)<\/li>\n<li>verschiedene AGs: Popchor, Schulband, Miniband, Schulorchester, Bigband<\/li>\n<li>unterschiedliche Lernorte: u.a. Oper Frankfurt, Konzertbesuche in der Alten Oper Frankfurt und dem Hessischen Rundfunk<\/li>\n<\/ul>\n<p><img loading=\"lazy\" decoding=\"async\" class=\"aligncenter wp-image-37680 size-full\" src=\"https:\/\/grimmels.de\/wordpress\/wp-content\/uploads\/2018\/05\/musik4.jpg\" alt=\"\" width=\"397\" height=\"265\" srcset=\"https:\/\/grimmels.de\/wordpress\/wp-content\/uploads\/2018\/05\/musik4.jpg 397w, https:\/\/grimmels.de\/wordpress\/wp-content\/uploads\/2018\/05\/musik4-150x100.jpg 150w, https:\/\/grimmels.de\/wordpress\/wp-content\/uploads\/2018\/05\/musik4-300x200.jpg 300w\" sizes=\"(max-width: 397px) 100vw, 397px\" \/><\/p>\n","protected":false},"excerpt":{"rendered":"<p>Musik fasziniert und begleitet uns unser ganzes Leben. Wir, die Lehrerinnen und Lehrer des Fachbereichs Musik, m\u00f6chten gemeinsam mit euch Musik h\u00f6ren und gestalten und euch dabei helfen, eure musikalischen Ausdrucksf\u00e4higkeiten zu entwickeln. Dabei vermitteln wir euch die dazu n\u00f6tigen musikalisch-fachlichen Grundkenntnisse und die F\u00e4higkeit, Musik kritisch zu hinterfragen und zu beurteilen. Der Musikunterricht findet [&hellip;]<\/p>\n","protected":false},"author":1,"featured_media":0,"parent":0,"menu_order":0,"comment_status":"closed","ping_status":"closed","template":"","meta":{"advgb_blocks_editor_width":"","advgb_blocks_columns_visual_guide":"","ngg_post_thumbnail":0,"footnotes":""},"class_list":["post-977","page","type-page","status-publish","hentry"],"coauthors":[],"author_meta":{"author_link":"https:\/\/grimmels.de\/wordpress\/author\/webmaster\/","display_name":"webmaster"},"relative_dates":{"created":"Posted 12\u00a0Jahren ago","modified":"Updated 4\u00a0Jahren ago"},"absolute_dates":{"created":"Posted on 2. Oktober 2014","modified":"Updated on 14. September 2022"},"absolute_dates_time":{"created":"Posted on 2. Oktober 2014 17:44","modified":"Updated on 14. September 2022 12:13"},"featured_img_caption":"","featured_img":false,"series_order":"","_links":{"self":[{"href":"https:\/\/grimmels.de\/wordpress\/wp-json\/wp\/v2\/pages\/977","targetHints":{"allow":["GET"]}}],"collection":[{"href":"https:\/\/grimmels.de\/wordpress\/wp-json\/wp\/v2\/pages"}],"about":[{"href":"https:\/\/grimmels.de\/wordpress\/wp-json\/wp\/v2\/types\/page"}],"author":[{"embeddable":true,"href":"https:\/\/grimmels.de\/wordpress\/wp-json\/wp\/v2\/users\/1"}],"replies":[{"embeddable":true,"href":"https:\/\/grimmels.de\/wordpress\/wp-json\/wp\/v2\/comments?post=977"}],"version-history":[{"count":13,"href":"https:\/\/grimmels.de\/wordpress\/wp-json\/wp\/v2\/pages\/977\/revisions"}],"predecessor-version":[{"id":52915,"href":"https:\/\/grimmels.de\/wordpress\/wp-json\/wp\/v2\/pages\/977\/revisions\/52915"}],"wp:attachment":[{"href":"https:\/\/grimmels.de\/wordpress\/wp-json\/wp\/v2\/media?parent=977"}],"curies":[{"name":"wp","href":"https:\/\/api.w.org\/{rel}","templated":true}]}}