{"id":994,"date":"2014-10-02T19:05:56","date_gmt":"2014-10-02T17:05:56","guid":{"rendered":"?page_id=994"},"modified":"2025-08-17T12:47:55","modified_gmt":"2025-08-17T10:47:55","slug":"paedagogische-mittagsbetreuung","status":"publish","type":"page","link":"https:\/\/grimmels.de\/wordpress\/paedagogische-mittagsbetreuung\/","title":{"rendered":"P\u00e4dagogische Mittagsbetreuung"},"content":{"rendered":"\t\t<div data-elementor-type=\"wp-page\" data-elementor-id=\"994\" class=\"elementor elementor-994\" data-elementor-post-type=\"page\">\n\t\t\t\t<div class=\"elementor-element elementor-element-e503f7e e-con-full e-flex e-con e-parent\" data-id=\"e503f7e\" data-element_type=\"container\" data-settings=\"{&quot;background_background&quot;:&quot;slideshow&quot;,&quot;background_slideshow_gallery&quot;:[{&quot;id&quot;:48292,&quot;url&quot;:&quot;https:\\\/\\\/grimmels.de\\\/wordpress\\\/wp-content\\\/uploads\\\/2021\\\/11\\\/pmb06.jpg&quot;},{&quot;id&quot;:48291,&quot;url&quot;:&quot;https:\\\/\\\/grimmels.de\\\/wordpress\\\/wp-content\\\/uploads\\\/2021\\\/11\\\/pmb05-e1730129426818.jpg&quot;},{&quot;id&quot;:48290,&quot;url&quot;:&quot;https:\\\/\\\/grimmels.de\\\/wordpress\\\/wp-content\\\/uploads\\\/2021\\\/11\\\/pmb04-e1730128726840.jpg&quot;},{&quot;id&quot;:48289,&quot;url&quot;:&quot;https:\\\/\\\/grimmels.de\\\/wordpress\\\/wp-content\\\/uploads\\\/2021\\\/11\\\/pmb03-e1730129147849.jpg&quot;},{&quot;id&quot;:48288,&quot;url&quot;:&quot;https:\\\/\\\/grimmels.de\\\/wordpress\\\/wp-content\\\/uploads\\\/2021\\\/11\\\/pmb02.jpg&quot;}],&quot;background_slideshow_loop&quot;:&quot;yes&quot;,&quot;background_slideshow_slide_duration&quot;:5000,&quot;background_slideshow_slide_transition&quot;:&quot;fade&quot;,&quot;background_slideshow_transition_duration&quot;:500}\">\n\t\t\t\t<div class=\"elementor-element elementor-element-1f0c15ca elementor-widget elementor-widget-heading\" data-id=\"1f0c15ca\" data-element_type=\"widget\" data-widget_type=\"heading.default\">\n\t\t\t\t<div class=\"elementor-widget-container\">\n\t\t\t\t\t<h2 class=\"elementor-heading-title elementor-size-default\">P\u00c4DAGOGISCHE<br>MITTAGSBETREUUNG<\/h2>\t\t\t\t<\/div>\n\t\t\t\t<\/div>\n\t\t\t\t<\/div>\n\t\t<div class=\"elementor-element elementor-element-7b984f3 e-con-full e-flex e-con e-parent\" data-id=\"7b984f3\" data-element_type=\"container\">\n\t\t<div class=\"elementor-element elementor-element-e0e2417 e-con-full e-flex e-con e-child\" data-id=\"e0e2417\" data-element_type=\"container\">\n\t\t\t\t<div class=\"elementor-element elementor-element-d6254de elementor-widget elementor-widget-text-editor\" data-id=\"d6254de\" data-element_type=\"widget\" data-widget_type=\"text-editor.default\">\n\t\t\t\t<div class=\"elementor-widget-container\">\n\t\t\t\t\t\t\t\t\t<p>Das Grimmelshausen-Gymnasium bietet als Ganztagsschule an den Nachmittagen ab 13 Uhr von Montag bis Freitag eine Mittagsbetreuung f\u00fcr alle interessierten Sch\u00fclerinnen und Sch\u00fcler an. Die Betreuungszeit kann bis 14:30 Uhr oder bis 15:15 Uhr gew\u00e4hlt werden. Gestartet wird nach der sechsten Stunde mit einem gemeinsamen Essen in der Mensa. Nach dem Essen k\u00f6nnen sich die Sch\u00fclerinnen und Sch\u00fcler in neigungsorientierte R\u00e4ume aufteilen.<\/p>\t\t\t\t\t\t\t\t<\/div>\n\t\t\t\t<\/div>\n\t\t\t\t<\/div>\n\t\t<div class=\"elementor-element elementor-element-ca0b089 e-con-full e-flex e-con e-child\" data-id=\"ca0b089\" data-element_type=\"container\">\n\t\t\t\t<div class=\"elementor-element elementor-element-05d1e9d elementor-widget elementor-widget-button\" data-id=\"05d1e9d\" data-element_type=\"widget\" data-widget_type=\"button.default\">\n\t\t\t\t<div class=\"elementor-widget-container\">\n\t\t\t\t\t\t\t\t\t<div class=\"elementor-button-wrapper\">\n\t\t\t\t\t<a class=\"elementor-button elementor-button-link elementor-size-sm\" href=\"https:\/\/grimmels.de\/wordpress\/wp-content\/uploads\/2025\/06\/Ab_Ummeldung-PMB-ueberarbeitet.pdf\">\n\t\t\t\t\t\t<span class=\"elementor-button-content-wrapper\">\n\t\t\t\t\t\t\t\t\t<span class=\"elementor-button-text\">Formular f\u00fcr Um- & Abmeldung<\/span>\n\t\t\t\t\t<\/span>\n\t\t\t\t\t<\/a>\n\t\t\t\t<\/div>\n\t\t\t\t\t\t\t\t<\/div>\n\t\t\t\t<\/div>\n\t\t\t\t<div class=\"elementor-element elementor-element-7d8fc20 elementor-widget elementor-widget-button\" data-id=\"7d8fc20\" data-element_type=\"widget\" data-widget_type=\"button.default\">\n\t\t\t\t<div class=\"elementor-widget-container\">\n\t\t\t\t\t\t\t\t\t<div class=\"elementor-button-wrapper\">\n\t\t\t\t\t<a class=\"elementor-button elementor-button-link elementor-size-sm\" href=\"https:\/\/grimmels.de\/wordpress\/wp-content\/uploads\/2025\/06\/2025_26-Informationen-PMB.pdf\">\n\t\t\t\t\t\t<span class=\"elementor-button-content-wrapper\">\n\t\t\t\t\t\t\t\t\t<span class=\"elementor-button-text\">Informationsblatt<\/span>\n\t\t\t\t\t<\/span>\n\t\t\t\t\t<\/a>\n\t\t\t\t<\/div>\n\t\t\t\t\t\t\t\t<\/div>\n\t\t\t\t<\/div>\n\t\t\t\t<\/div>\n\t\t\t\t<\/div>\n\t\t<div class=\"elementor-element elementor-element-321563b e-con-full e-flex e-con e-parent\" data-id=\"321563b\" data-element_type=\"container\" data-settings=\"{&quot;background_background&quot;:&quot;classic&quot;}\">\n\t\t<div class=\"elementor-element elementor-element-af18c37 e-con-full animated-slow e-flex elementor-invisible e-con e-child\" data-id=\"af18c37\" data-element_type=\"container\" data-settings=\"{&quot;background_background&quot;:&quot;classic&quot;,&quot;animation&quot;:&quot;fadeInUp&quot;,&quot;animation_delay&quot;:100}\">\n\t\t\t\t<div class=\"elementor-element elementor-element-11cb243 elementor-widget elementor-widget-image\" data-id=\"11cb243\" data-element_type=\"widget\" data-widget_type=\"image.default\">\n\t\t\t\t<div class=\"elementor-widget-container\">\n\t\t\t\t\t\t\t\t\t\t\t\t\t\t\t<img fetchpriority=\"high\" decoding=\"async\" width=\"800\" height=\"530\" src=\"https:\/\/grimmels.de\/wordpress\/wp-content\/uploads\/2021\/11\/pmb03-e1730129147849.jpg\" class=\"attachment-large size-large wp-image-48289\" alt=\"\" srcset=\"https:\/\/grimmels.de\/wordpress\/wp-content\/uploads\/2021\/11\/pmb03-e1730129147849.jpg 1024w, https:\/\/grimmels.de\/wordpress\/wp-content\/uploads\/2021\/11\/pmb03-e1730129147849-300x199.jpg 300w, https:\/\/grimmels.de\/wordpress\/wp-content\/uploads\/2021\/11\/pmb03-e1730129147849-150x99.jpg 150w, https:\/\/grimmels.de\/wordpress\/wp-content\/uploads\/2021\/11\/pmb03-e1730129147849-768x509.jpg 768w\" sizes=\"(max-width: 800px) 100vw, 800px\" \/>\t\t\t\t\t\t\t\t\t\t\t\t\t\t\t<\/div>\n\t\t\t\t<\/div>\n\t\t\t\t<div class=\"elementor-element elementor-element-e45a9a7 elementor-widget elementor-widget-heading\" data-id=\"e45a9a7\" data-element_type=\"widget\" data-widget_type=\"heading.default\">\n\t\t\t\t<div class=\"elementor-widget-container\">\n\t\t\t\t\t<h2 class=\"elementor-heading-title elementor-size-default\">HAUSAUFGABEN-BETREUUNG<\/h2>\t\t\t\t<\/div>\n\t\t\t\t<\/div>\n\t\t\t\t<div class=\"elementor-element elementor-element-af986bd elementor-widget elementor-widget-text-editor\" data-id=\"af986bd\" data-element_type=\"widget\" data-widget_type=\"text-editor.default\">\n\t\t\t\t<div class=\"elementor-widget-container\">\n\t\t\t\t\t\t\t\t\t<p>Den Sch\u00fclerinnen und Sch\u00fclern wird die Chance gegeben, ihre Hausaufgaben\u00a0in der PMB zu erledigen, um den restlichen Nachmittag Freizeit zu verbringen.\u00a0In der Betreuung k\u00f6nnen Fragen an die Betreuungskr\u00e4fte oder Mitsch\u00fclerinnen und Mitsch\u00fcler gestellt werden. \u00a0<\/p>\t\t\t\t\t\t\t\t<\/div>\n\t\t\t\t<\/div>\n\t\t\t\t<\/div>\n\t\t<div class=\"elementor-element elementor-element-9d74ee3 e-con-full animated-slow e-flex elementor-invisible e-con e-child\" data-id=\"9d74ee3\" data-element_type=\"container\" data-settings=\"{&quot;background_background&quot;:&quot;classic&quot;,&quot;animation&quot;:&quot;fadeInUp&quot;,&quot;animation_delay&quot;:400}\">\n\t\t\t\t<div class=\"elementor-element elementor-element-53838a8 elementor-widget elementor-widget-image\" data-id=\"53838a8\" data-element_type=\"widget\" data-widget_type=\"image.default\">\n\t\t\t\t<div class=\"elementor-widget-container\">\n\t\t\t\t\t\t\t\t\t\t\t\t\t\t\t<img decoding=\"async\" width=\"800\" height=\"530\" src=\"https:\/\/grimmels.de\/wordpress\/wp-content\/uploads\/2021\/11\/pmb05-e1730129426818.jpg\" class=\"attachment-large size-large wp-image-48291\" alt=\"\" srcset=\"https:\/\/grimmels.de\/wordpress\/wp-content\/uploads\/2021\/11\/pmb05-e1730129426818.jpg 1024w, https:\/\/grimmels.de\/wordpress\/wp-content\/uploads\/2021\/11\/pmb05-e1730129426818-300x199.jpg 300w, https:\/\/grimmels.de\/wordpress\/wp-content\/uploads\/2021\/11\/pmb05-e1730129426818-150x99.jpg 150w, https:\/\/grimmels.de\/wordpress\/wp-content\/uploads\/2021\/11\/pmb05-e1730129426818-768x509.jpg 768w\" sizes=\"(max-width: 800px) 100vw, 800px\" \/>\t\t\t\t\t\t\t\t\t\t\t\t\t\t\t<\/div>\n\t\t\t\t<\/div>\n\t\t\t\t<div class=\"elementor-element elementor-element-4ab0976 elementor-widget elementor-widget-heading\" data-id=\"4ab0976\" data-element_type=\"widget\" data-widget_type=\"heading.default\">\n\t\t\t\t<div class=\"elementor-widget-container\">\n\t\t\t\t\t<h2 class=\"elementor-heading-title elementor-size-default\">KREATIVER FREIRAUM<\/h2>\t\t\t\t<\/div>\n\t\t\t\t<\/div>\n\t\t\t\t<div class=\"elementor-element elementor-element-4804e72 elementor-widget elementor-widget-text-editor\" data-id=\"4804e72\" data-element_type=\"widget\" data-widget_type=\"text-editor.default\">\n\t\t\t\t<div class=\"elementor-widget-container\">\n\t\t\t\t\t\t\t\t\t<p>In der PMB soll ebenfalls Platz f\u00fcr die kreative Arbeit sein. Neben kleineren\u00a0k\u00fcnstlerischen Arbeiten k\u00f6nnen die Sch\u00fclerinnen und Sch\u00fcler sowohl auf dem Schulhof als auch in den Unterrichtsr\u00e4umen beispielsweise basteln, spielen, zeichnen und vieles mehr.<\/p>\t\t\t\t\t\t\t\t<\/div>\n\t\t\t\t<\/div>\n\t\t\t\t<\/div>\n\t\t<div class=\"elementor-element elementor-element-8d40d14 e-con-full animated-slow e-flex elementor-invisible e-con e-child\" data-id=\"8d40d14\" data-element_type=\"container\" data-settings=\"{&quot;background_background&quot;:&quot;classic&quot;,&quot;animation&quot;:&quot;fadeInUp&quot;,&quot;animation_delay&quot;:700}\">\n\t\t\t\t<div class=\"elementor-element elementor-element-a28d9cd elementor-widget elementor-widget-image\" data-id=\"a28d9cd\" data-element_type=\"widget\" data-widget_type=\"image.default\">\n\t\t\t\t<div class=\"elementor-widget-container\">\n\t\t\t\t\t\t\t\t\t\t\t\t\t\t\t<img decoding=\"async\" width=\"800\" height=\"530\" src=\"https:\/\/grimmels.de\/wordpress\/wp-content\/uploads\/2021\/11\/pmb04-e1730128726840.jpg\" class=\"attachment-large size-large wp-image-48290\" alt=\"\" srcset=\"https:\/\/grimmels.de\/wordpress\/wp-content\/uploads\/2021\/11\/pmb04-e1730128726840.jpg 1024w, https:\/\/grimmels.de\/wordpress\/wp-content\/uploads\/2021\/11\/pmb04-e1730128726840-300x199.jpg 300w, https:\/\/grimmels.de\/wordpress\/wp-content\/uploads\/2021\/11\/pmb04-e1730128726840-150x99.jpg 150w, https:\/\/grimmels.de\/wordpress\/wp-content\/uploads\/2021\/11\/pmb04-e1730128726840-768x509.jpg 768w\" sizes=\"(max-width: 800px) 100vw, 800px\" \/>\t\t\t\t\t\t\t\t\t\t\t\t\t\t\t<\/div>\n\t\t\t\t<\/div>\n\t\t\t\t<div class=\"elementor-element elementor-element-63d9913 elementor-widget elementor-widget-heading\" data-id=\"63d9913\" data-element_type=\"widget\" data-widget_type=\"heading.default\">\n\t\t\t\t<div class=\"elementor-widget-container\">\n\t\t\t\t\t<h2 class=\"elementor-heading-title elementor-size-default\">BUCHLAND &amp; ANSPRECHBAR<\/h2>\t\t\t\t<\/div>\n\t\t\t\t<\/div>\n\t\t\t\t<div class=\"elementor-element elementor-element-f3b9e37 elementor-widget elementor-widget-text-editor\" data-id=\"f3b9e37\" data-element_type=\"widget\" data-widget_type=\"text-editor.default\">\n\t\t\t\t<div class=\"elementor-widget-container\">\n\t\t\t\t\t\t\t\t\t<p>Am Nachmittag bietet sich ebenfalls die M\u00f6glichkeit, das Grimmels-Buchland zu besuchen und dort in zahlreichen B\u00fcchern zu lesen. Ein attraktiver Raum ist ebenfalls die Ansprechbar, in der ebenfalls gespielt werden kann.<\/p>\t\t\t\t\t\t\t\t<\/div>\n\t\t\t\t<\/div>\n\t\t\t\t<\/div>\n\t\t<div class=\"elementor-element elementor-element-e365473 e-con-full animated-slow e-flex elementor-invisible e-con e-child\" data-id=\"e365473\" data-element_type=\"container\" data-settings=\"{&quot;background_background&quot;:&quot;classic&quot;,&quot;animation&quot;:&quot;fadeInUp&quot;,&quot;animation_delay&quot;:1000}\">\n\t\t\t\t<div class=\"elementor-element elementor-element-f266a76 elementor-widget elementor-widget-image\" data-id=\"f266a76\" data-element_type=\"widget\" data-widget_type=\"image.default\">\n\t\t\t\t<div class=\"elementor-widget-container\">\n\t\t\t\t\t\t\t\t\t\t\t\t\t\t\t<img loading=\"lazy\" decoding=\"async\" width=\"800\" height=\"530\" src=\"https:\/\/grimmels.de\/wordpress\/wp-content\/uploads\/2021\/11\/pmb01.jpg\" class=\"attachment-large size-large wp-image-48287\" alt=\"\" srcset=\"https:\/\/grimmels.de\/wordpress\/wp-content\/uploads\/2021\/11\/pmb01.jpg 1024w, https:\/\/grimmels.de\/wordpress\/wp-content\/uploads\/2021\/11\/pmb01-300x199.jpg 300w, https:\/\/grimmels.de\/wordpress\/wp-content\/uploads\/2021\/11\/pmb01-150x99.jpg 150w, https:\/\/grimmels.de\/wordpress\/wp-content\/uploads\/2021\/11\/pmb01-768x509.jpg 768w\" sizes=\"(max-width: 800px) 100vw, 800px\" \/>\t\t\t\t\t\t\t\t\t\t\t\t\t\t\t<\/div>\n\t\t\t\t<\/div>\n\t\t\t\t<div class=\"elementor-element elementor-element-904a45d elementor-widget elementor-widget-heading\" data-id=\"904a45d\" data-element_type=\"widget\" data-widget_type=\"heading.default\">\n\t\t\t\t<div class=\"elementor-widget-container\">\n\t\t\t\t\t<h2 class=\"elementor-heading-title elementor-size-default\">SPORT &amp; BEWEGUNG<\/h2>\t\t\t\t<\/div>\n\t\t\t\t<\/div>\n\t\t\t\t<div class=\"elementor-element elementor-element-0bc419e elementor-widget elementor-widget-text-editor\" data-id=\"0bc419e\" data-element_type=\"widget\" data-widget_type=\"text-editor.default\">\n\t\t\t\t<div class=\"elementor-widget-container\">\n\t\t\t\t\t\t\t\t\t<p>Auf dem Schulhof k\u00f6nnen die Sch\u00fclerinnen und Sch\u00fcler ihrem Bewegungsdrang freien Lauf lassen und sich mit zahlreichen Spielen und Ger\u00e4ten nach Belieben austoben. Dieses Angebot erfreut sich einer gro\u00dfen Beliebtheit.<\/p>\t\t\t\t\t\t\t\t<\/div>\n\t\t\t\t<\/div>\n\t\t\t\t<\/div>\n\t\t\t\t<\/div>\n\t\t<div class=\"elementor-element elementor-element-15e55e5 e-flex e-con-boxed e-con e-parent\" data-id=\"15e55e5\" data-element_type=\"container\">\n\t\t\t\t\t<div class=\"e-con-inner\">\n\t\t\t\t<div class=\"elementor-element elementor-element-c619e62 elementor-widget elementor-widget-image\" data-id=\"c619e62\" data-element_type=\"widget\" data-widget_type=\"image.default\">\n\t\t\t\t<div class=\"elementor-widget-container\">\n\t\t\t\t\t\t\t\t\t\t\t\t\t\t\t\t<a href=\"https:\/\/grimmels.de\/wordpress\/wp-content\/uploads\/2025\/06\/Ganztag-Jahresverlauf-Ablauf36.jpg\" data-elementor-open-lightbox=\"yes\" data-elementor-lightbox-title=\"Ganztag Jahresverlauf Ablauf[36]\" data-e-action-hash=\"#elementor-action%3Aaction%3Dlightbox%26settings%3DeyJpZCI6NjQ0NjgsInVybCI6Imh0dHBzOlwvXC9ncmltbWVscy5kZVwvd29yZHByZXNzXC93cC1jb250ZW50XC91cGxvYWRzXC8yMDI1XC8wNlwvR2FuenRhZy1KYWhyZXN2ZXJsYXVmLUFibGF1ZjM2LmpwZyJ9\">\n\t\t\t\t\t\t\t<img loading=\"lazy\" decoding=\"async\" width=\"841\" height=\"595\" src=\"https:\/\/grimmels.de\/wordpress\/wp-content\/uploads\/2025\/06\/Ganztag-Jahresverlauf-Ablauf36.jpg\" class=\"attachment-full size-full wp-image-64468\" alt=\"\" srcset=\"https:\/\/grimmels.de\/wordpress\/wp-content\/uploads\/2025\/06\/Ganztag-Jahresverlauf-Ablauf36.jpg 841w, https:\/\/grimmels.de\/wordpress\/wp-content\/uploads\/2025\/06\/Ganztag-Jahresverlauf-Ablauf36-300x212.jpg 300w, https:\/\/grimmels.de\/wordpress\/wp-content\/uploads\/2025\/06\/Ganztag-Jahresverlauf-Ablauf36-150x106.jpg 150w, https:\/\/grimmels.de\/wordpress\/wp-content\/uploads\/2025\/06\/Ganztag-Jahresverlauf-Ablauf36-768x543.jpg 768w\" sizes=\"(max-width: 841px) 100vw, 841px\" \/>\t\t\t\t\t\t\t\t<\/a>\n\t\t\t\t\t\t\t\t\t\t\t\t\t\t\t<\/div>\n\t\t\t\t<\/div>\n\t\t\t\t\t<\/div>\n\t\t\t\t<\/div>\n\t\t<div class=\"elementor-element elementor-element-27d1c11 e-flex e-con-boxed e-con e-parent\" data-id=\"27d1c11\" data-element_type=\"container\">\n\t\t\t\t\t<div class=\"e-con-inner\">\n\t\t\t\t<div class=\"elementor-element elementor-element-a2cd179 elementor-widget elementor-widget-heading\" data-id=\"a2cd179\" data-element_type=\"widget\" data-widget_type=\"heading.default\">\n\t\t\t\t<div class=\"elementor-widget-container\">\n\t\t\t\t\t<h2 class=\"elementor-heading-title elementor-size-default\">W\u00c4HLBARE BETREUUNGSZEITEN IN DER PMB<\/h2>\t\t\t\t<\/div>\n\t\t\t\t<\/div>\n\t\t\t\t<div class=\"elementor-element elementor-element-31f2539 elementor-widget elementor-widget-text-editor\" data-id=\"31f2539\" data-element_type=\"widget\" data-widget_type=\"text-editor.default\">\n\t\t\t\t<div class=\"elementor-widget-container\">\n\t\t\t\t\t\t\t\t\t<figure class=\"wp-block-table\">\n<table>\n<tbody>\n<tr>\n<td>Betreuungszeitvarianten<\/td>\n<td>Mo<\/td>\n<td>Di<\/td>\n<td>Mi<\/td>\n<td>Do<\/td>\n<td>Fr*<\/td>\n<\/tr>\n<tr>\n<td>13.00 \u2013 14.30<\/td>\n<td>\u00a0<\/td>\n<td>\u00a0<\/td>\n<td>\u00a0<\/td>\n<td>\u00a0<\/td>\n<td>\u00a0<\/td>\n<\/tr>\n<tr>\n<td>13.00 \u2013 15.15<\/td>\n<td>\u00a0<\/td>\n<td>\u00a0<\/td>\n<td>\u00a0<\/td>\n<td>\u00a0<\/td>\n<td>*<\/td>\n<\/tr>\n<tr>\n<td>13.00 \u2013 16.00*<\/td>\n<td>*<\/td>\n<td>*<\/td>\n<td>*<\/td>\n<td>*<\/td>\n<td>\u00a0<\/td>\n<\/tr>\n<\/tbody>\n<\/table>\n<\/figure>\n<p><!-- \/wp:table --><!-- wp:paragraph --><\/p>\n<p>* Bei gro\u00dfer Nachfrage kann ab der 3. Schulwoche Mo.- Do. bis 16.00 Uhr eine Betreuung angeboten werden. Freitag kann bei einem hohen Bedarf bis 15.15 Uhr eine Betreuung eingerichtet werden.<\/p>\n<p><!-- \/wp:paragraph --><!-- wp:paragraph --><\/p>\n<p>Entsprechend der oben angegebenen Regelung k\u00f6nnen Sie jeden Wochentag individuell f\u00fcr das Schuljahr festlegen. Gem\u00e4\u00df den Buszeiten sind auch innerhalb der Zeitfenster individuelle Absprachen m\u00f6glich, damit die Verbindungen erreicht werden k\u00f6nnen. Bitte sprechen Sie dies unbedingt mit den Betreuerinnen und Betreuern ab. Hierf\u00fcr ist ein Schreiben an die Betreuerinnen und Betreuer sinnvoll.<\/p>\n<p><!-- \/wp:paragraph --><!-- wp:paragraph --><\/p>\n<p><!-- \/wp:paragraph --><!-- wp:paragraph --><\/p>\n<p>\u00a0<\/p>\t\t\t\t\t\t\t\t<\/div>\n\t\t\t\t<\/div>\n\t\t\t\t\t<\/div>\n\t\t\t\t<\/div>\n\t\t<div class=\"elementor-element elementor-element-c006c05 e-flex e-con-boxed e-con e-parent\" data-id=\"c006c05\" data-element_type=\"container\">\n\t\t\t\t\t<div class=\"e-con-inner\">\n\t\t\t\t<div class=\"elementor-element elementor-element-3742e33 elementor-widget elementor-widget-heading\" data-id=\"3742e33\" data-element_type=\"widget\" data-widget_type=\"heading.default\">\n\t\t\t\t<div class=\"elementor-widget-container\">\n\t\t\t\t\t<h2 class=\"elementor-heading-title elementor-size-default\">ANMELDEPROZEDERE (siehe Infoblatt)<\/h2>\t\t\t\t<\/div>\n\t\t\t\t<\/div>\n\t\t\t\t<div class=\"elementor-element elementor-element-25855ac elementor-widget elementor-widget-text-editor\" data-id=\"25855ac\" data-element_type=\"widget\" data-widget_type=\"text-editor.default\">\n\t\t\t\t<div class=\"elementor-widget-container\">\n\t\t\t\t\t\t\t\t\t<ul class=\"wp-block-list\">\n<li><strong>Eine Anmeldung ist verbindlich<\/strong> <strong>und verpflichtend f\u00fcr ein Schulhalbjahr<\/strong>, danach muss eine schriftliche Abmeldung \u00fcber ein Formular erfolgen, diese wird im Sekretariat abgegeben. Liegt keine Abmeldung vor, wird die Anmeldung f\u00fcr das zweite Halbjahr fortgeschrieben. Fehlzeiten werden erfasst und gehen ebenfalls in das Zeugnis Ihres Kindes ein.<\/li>\n<!-- \/wp:list-item --><!-- wp:list-item --><!-- \/wp:list-item --><!-- wp:list-item -->\n<li>Sollte ihr Kind bei einem Entfall einer gew\u00e4hlten AG nicht nach Hause k\u00f6nnen, bitten wir Sie, ihr Kind in der Mittagsbetreuung anzumelden. Ihr Kind kann dann bei einem Entfall der AG in die Mittagsbetreuung kommen.<\/li>\n<!-- \/wp:list-item --><!-- wp:list-item -->\n<li>Das gemeinsame Essen findet im Cafehaus bei den Heinzelm\u00e4nnchen statt. Bei diesen kann eine 10er Karte erworben werden. Die Kosten f\u00fcr die 10er Karte belaufen sich auf ca. 40\u20ac. Jedes Essen kann aber auch einzeln erworben werden.<\/li>\n<!-- \/wp:list-item --><\/ul>\n<p><!-- \/wp:list --><!-- wp:paragraph --><\/p>\n<p><strong>Start<\/strong><\/p>\n<ul class=\"wp-block-list\"><!-- \/wp:list-item --><!-- wp:list-item -->\n<li>Der Treffpunkt der Sch\u00fclerinnen und Sch\u00fcler der PMB ist immer nach der sechsten Stunde vor den R\u00e4umen B146, B147 und B148.<\/li>\n<!-- \/wp:list-item --><!-- wp:list-item -->\n<li>Das gemeinsame Mittagsessen wird in der Mensa zu sich genommen. Dieses k\u00f6nnen die Kinder f\u00fcr einen kleinen Betrag erwerben. Bitte geben Sie Ihrem Kind entsprechend etwas Geld mit. Im Weiteren kann auch eine Zehnerkarte f\u00fcr das Essen erworben werden.<\/li>\n<!-- \/wp:list-item --><!-- wp:list-item -->\n<li>Die regelm\u00e4\u00dfige Teilnahme ist verpflichtend, Fehlzeiten m\u00fcssen von Ihnen schriftlich entschuldigt werden. Wir bitten zun\u00e4chst am Tag der Erkrankung, um eine Benachrichtigung per E-Mail an: mittagsbetreuung@grimmels.de.<\/li>\n<!-- \/wp:list-item --><\/ul>\n<p><!-- \/wp:list --><!-- wp:paragraph --><\/p>\n<p><strong>Neue Jahrgangsstufe 5:<\/strong><\/p>\n<p><!-- \/wp:paragraph --><!-- wp:paragraph --><\/p>\n<p>Die neuen \u201eGrimmels\u201c der f\u00fcnften Jahrgangsstufe erhalten die Zugangsdaten f\u00fcr PrOWaLuS+, die u.a. f\u00fcr die Anmeldung der regul\u00e4ren P\u00e4dagogischen Mittagsbetreuung notwendig sind, in der ersten Schulwoche.<\/p>\n<p><!-- \/wp:paragraph --><!-- wp:paragraph --><\/p>\n<p>Bei Fragen bez\u00fcglich der P\u00e4dagogischen Mittagsbetreuung wenden Sie sich bitte an mittagsbetreuung@grimmels.de. Wir freuen uns darauf, Ihre Kinder bald bei uns begr\u00fc\u00dfen zu d\u00fcrfen!<\/p>\t\t\t\t\t\t\t\t<\/div>\n\t\t\t\t<\/div>\n\t\t\t\t\t<\/div>\n\t\t\t\t<\/div>\n\t\t<div class=\"elementor-element elementor-element-2289292 e-flex e-con-boxed e-con e-parent\" data-id=\"2289292\" data-element_type=\"container\">\n\t\t\t\t\t<div class=\"e-con-inner\">\n\t\t\t\t<div class=\"elementor-element elementor-element-790c9f6 elementor-widget elementor-widget-heading\" data-id=\"790c9f6\" data-element_type=\"widget\" data-widget_type=\"heading.default\">\n\t\t\t\t<div class=\"elementor-widget-container\">\n\t\t\t\t\t<h2 class=\"elementor-heading-title elementor-size-default\">UNSER KERNTEAM<\/h2>\t\t\t\t<\/div>\n\t\t\t\t<\/div>\n\t\t\t\t<div class=\"elementor-element elementor-element-28c53d7 elementor-widget elementor-widget-image\" data-id=\"28c53d7\" data-element_type=\"widget\" data-widget_type=\"image.default\">\n\t\t\t\t<div class=\"elementor-widget-container\">\n\t\t\t\t\t\t\t\t\t\t\t\t\t\t\t<img loading=\"lazy\" decoding=\"async\" width=\"2048\" height=\"1365\" src=\"https:\/\/grimmels.de\/wordpress\/wp-content\/uploads\/2025\/08\/DSC02367-2048x1365.jpg\" class=\"attachment-2048x2048 size-2048x2048 wp-image-65862\" alt=\"\" srcset=\"https:\/\/grimmels.de\/wordpress\/wp-content\/uploads\/2025\/08\/DSC02367-2048x1365.jpg 2048w, https:\/\/grimmels.de\/wordpress\/wp-content\/uploads\/2025\/08\/DSC02367-300x200.jpg 300w, https:\/\/grimmels.de\/wordpress\/wp-content\/uploads\/2025\/08\/DSC02367-1024x683.jpg 1024w, https:\/\/grimmels.de\/wordpress\/wp-content\/uploads\/2025\/08\/DSC02367-150x100.jpg 150w, https:\/\/grimmels.de\/wordpress\/wp-content\/uploads\/2025\/08\/DSC02367-768x512.jpg 768w, https:\/\/grimmels.de\/wordpress\/wp-content\/uploads\/2025\/08\/DSC02367-1536x1024.jpg 1536w\" sizes=\"(max-width: 2048px) 100vw, 2048px\" \/>\t\t\t\t\t\t\t\t\t\t\t\t\t\t\t<\/div>\n\t\t\t\t<\/div>\n\t\t\t\t<div class=\"elementor-element elementor-element-1b6b27d elementor-widget elementor-widget-text-editor\" data-id=\"1b6b27d\" data-element_type=\"widget\" data-widget_type=\"text-editor.default\">\n\t\t\t\t<div class=\"elementor-widget-container\">\n\t\t\t\t\t\t\t\t\t<p>(v.l.n.r.) Dr. Ellen Feyer (Betreuerin), Daniela Wieland (Betreuerin), Susanne Graichen (Leitung PMB), Ingrid Mitleiden-Str\u00f6m, hinten Mitte Frank Dietz (Ganztagskoordination).\u00a0<\/p>\t\t\t\t\t\t\t\t<\/div>\n\t\t\t\t<\/div>\n\t\t\t\t\t<\/div>\n\t\t\t\t<\/div>\n\t\t\t\t<\/div>\n\t\t","protected":false},"excerpt":{"rendered":"<p>P\u00c4DAGOGISCHEMITTAGSBETREUUNG Das Grimmelshausen-Gymnasium bietet als Ganztagsschule an den Nachmittagen ab 13 Uhr von Montag bis Freitag eine Mittagsbetreuung f\u00fcr alle interessierten Sch\u00fclerinnen und Sch\u00fcler an. Die Betreuungszeit kann bis 14:30 Uhr oder bis 15:15 Uhr gew\u00e4hlt werden. Gestartet wird nach der sechsten Stunde mit einem gemeinsamen Essen in der Mensa. Nach dem Essen k\u00f6nnen sich [&hellip;]<\/p>\n","protected":false},"author":1,"featured_media":0,"parent":0,"menu_order":0,"comment_status":"closed","ping_status":"closed","template":"","meta":{"advgb_blocks_editor_width":"","advgb_blocks_columns_visual_guide":"","ngg_post_thumbnail":0,"footnotes":""},"class_list":["post-994","page","type-page","status-publish","hentry"],"coauthors":[],"author_meta":{"author_link":"https:\/\/grimmels.de\/wordpress\/author\/webmaster\/","display_name":"webmaster"},"relative_dates":{"created":"Posted 12\u00a0Jahren ago","modified":"Updated 8\u00a0Monaten ago"},"absolute_dates":{"created":"Posted on 2. Oktober 2014","modified":"Updated on 17. August 2025"},"absolute_dates_time":{"created":"Posted on 2. Oktober 2014 19:05","modified":"Updated on 17. August 2025 12:47"},"featured_img_caption":"","featured_img":false,"series_order":"","_links":{"self":[{"href":"https:\/\/grimmels.de\/wordpress\/wp-json\/wp\/v2\/pages\/994","targetHints":{"allow":["GET"]}}],"collection":[{"href":"https:\/\/grimmels.de\/wordpress\/wp-json\/wp\/v2\/pages"}],"about":[{"href":"https:\/\/grimmels.de\/wordpress\/wp-json\/wp\/v2\/types\/page"}],"author":[{"embeddable":true,"href":"https:\/\/grimmels.de\/wordpress\/wp-json\/wp\/v2\/users\/1"}],"replies":[{"embeddable":true,"href":"https:\/\/grimmels.de\/wordpress\/wp-json\/wp\/v2\/comments?post=994"}],"version-history":[{"count":88,"href":"https:\/\/grimmels.de\/wordpress\/wp-json\/wp\/v2\/pages\/994\/revisions"}],"predecessor-version":[{"id":65868,"href":"https:\/\/grimmels.de\/wordpress\/wp-json\/wp\/v2\/pages\/994\/revisions\/65868"}],"wp:attachment":[{"href":"https:\/\/grimmels.de\/wordpress\/wp-json\/wp\/v2\/media?parent=994"}],"curies":[{"name":"wp","href":"https:\/\/api.w.org\/{rel}","templated":true}]}}